{"id":68,"date":"2022-01-29T12:27:23","date_gmt":"2022-01-29T12:27:23","guid":{"rendered":"http:\/\/fastwpdemo.com\/newwp\/ambons\/?page_id=68"},"modified":"2024-10-03T16:24:48","modified_gmt":"2024-10-03T14:24:48","slug":"faqs","status":"publish","type":"page","link":"https:\/\/cnas-assistance.com\/fr\/faqs\/","title":{"rendered":"FAQ"},"content":{"rendered":"<div data-elementor-type=\"wp-page\" data-elementor-id=\"68\" class=\"elementor elementor-68\">\n\t\t\t\t\t\t<section class=\"elementor-section elementor-top-section elementor-element elementor-element-e6fe85f elementor-section-full_width elementor-section-height-default elementor-section-height-default\" data-id=\"e6fe85f\" data-element_type=\"section\" data-e-type=\"section\">\n\t\t\t\t\t\t<div class=\"elementor-container elementor-column-gap-default\">\n\t\t\t\t\t<div class=\"elementor-column elementor-col-100 elementor-top-column elementor-element elementor-element-9227101\" data-id=\"9227101\" data-element_type=\"column\" data-e-type=\"column\">\n\t\t\t<div class=\"elementor-widget-wrap elementor-element-populated\">\n\t\t\t\t\t\t<div class=\"elementor-element elementor-element-a67565a elementor-widget elementor-widget-ambons_our_faqs_2\" data-id=\"a67565a\" data-element_type=\"widget\" data-e-type=\"widget\" data-widget_type=\"ambons_our_faqs_2.default\">\n\t\t\t\t<div class=\"elementor-widget-container\">\n\t\t\t\t\t    \n    <!--Start Faq Page One-->\n    <section class=\"faq-page-one\">\n        <div class=\"container\">\n            <div class=\"row\">\n\n                <div class=\"col-xl-6\">\n                    <div class=\"faq-style1-content\">\n                        <ul class=\"accordion-box\">\n                                                        <li class=\"accordion block active-block\">\n                                <div class=\"acc-btn active\">\n                                    <div class=\"icon-outer\">\n                                        <i class=\"flaticon-down-arrow-2\"><\/i>\n                                    <\/div>\n                                    <h3>\n                                        Quelles sont les comp\u00e9tences d\u2019un ambulancier fran\u00e7ais ?                                    <\/h3>\n                                <\/div>\n                                <div class=\"acc-content current\">\n                                    <p>L'ambulancier fran\u00e7ais n'est pas un infirmier. L'ambulancier fran\u00e7ais peut pratiquer : gestes d'urgence, manipuler le patient et le brancard, conduire l'ambulance, \u00e9valuer l'\u00e9tat g\u00e9n\u00e9ral du patient et adapter les soins, prendre les constantes si l'\u00e9tat du patient le n\u00e9cessite, contr\u00f4ler la perfusion, tester le diab\u00e8te. \nUn \u00e9quipage ambulancier est toujours constitu\u00e9 de 2 personnes.<\/p>\n                                <\/div>\n                            <\/li>\n                                                        <li class=\"accordion block\">\n                                <div class=\"acc-btn\">\n                                    <div class=\"icon-outer\">\n                                        <i class=\"flaticon-down-arrow-2\"><\/i>\n                                    <\/div>\n                                    <h3>\n                                        Quelle est la diff\u00e9rence entre une ambulance ALS et une ambulance BLS ?                                    <\/h3>\n                                <\/div>\n                                <div class=\"acc-content\">\n                                    <p>La diff\u00e9rence entre une ambulance ALS et BLS r\u00e9side dans la taille de l'ambulance. \n\nL'ambulance ALS est mieux adapt\u00e9e \u00e0 la surveillance continue des patients (probl\u00e8mes cardiologiques, incubation, probl\u00e8mes respiratoires, etc...). \n\nDans l'ALS, l'\u00e9quipe m\u00e9dicale peut rester debout si n\u00e9cessaire. \n\nDans une ambulance BLS, il y a moins de place et l'ambulance est plus basse. L'ambulance BLS est adapt\u00e9e si le patient est stable et pour un probl\u00e8me ne n\u00e9cessitant pas de soins particuliers (comme la traumatologie par exemple). \n\nL\u2019\u00e9quipage ambulancier ne diff\u00e8re pas selon le type d\u2019ambulance.  <\/p>\n                                <\/div>\n                            <\/li>\n                                                        <li class=\"accordion block\">\n                                <div class=\"acc-btn\">\n                                    <div class=\"icon-outer\">\n                                        <i class=\"flaticon-down-arrow-2\"><\/i>\n                                    <\/div>\n                                    <h3>\n                                        Peut-on aller voir un sp\u00e9cialiste sans lettre d\u2019adressage (lettre de recommandation, referal) ?                                    <\/h3>\n                                <\/div>\n                                <div class=\"acc-content\">\n                                    <p>En France, certains sp\u00e9cialistes peuvent \u00eatre consult\u00e9s sans lettre d\u2019adressage : gyn\u00e9cologue, dentiste, p\u00e9diatre, ophtalmologue, psychiatre. \n\nLes autres sp\u00e9cialistes ne sont normalement accessibles qu\u2019apr\u00e8s avoir \u00e9t\u00e9 vu par un m\u00e9decin g\u00e9n\u00e9raliste qui r\u00e9dige une lettre d\u2019adressage. Il faut tout de m\u00eame noter que certains de ces services acceptent de recevoir les patients \u00e9trangers sans lettre de recommandation quand ils sont factur\u00e9s hors syst\u00e8me de s\u00e9curit\u00e9 sociale.<\/p>\n                                <\/div>\n                            <\/li>\n                                                        <li class=\"accordion block\">\n                                <div class=\"acc-btn\">\n                                    <div class=\"icon-outer\">\n                                        <i class=\"flaticon-down-arrow-2\"><\/i>\n                                    <\/div>\n                                    <h3>\n                                        Peut-on prendre rendez-vous pour un house call ?                                    <\/h3>\n                                <\/div>\n                                <div class=\"acc-content\">\n                                    <p>Oui et non...\n\nPour un rendez-vous m\u00e9dical \u00e0 domicile il est n\u00e9cessaire de contacter le centre m\u00e9dical.  \n\nLes patients accept\u00e9s par le service de m\u00e9decin \u00e0 domicile sont enregistr\u00e9s sur une liste de demande de visite. \n\nLes m\u00e9decins r\u00e9alisent les visites par ordre d\u2019inscription et d\u2019urgence. \n\nIl n\u2019est donc pas possible d\u2019avoir une heure fixe de rendez-vous mais une plage horaire vous sera indiqu\u00e9e. <\/p>\n                                <\/div>\n                            <\/li>\n                                                    <\/ul>\n                    <\/div>\n                <\/div>\n\n                <div class=\"col-xl-6\">\n                    <div class=\"faq-style1-content faq-style1-content--margintop\">\n                        <ul class=\"accordion-box\">\n                                                        <li class=\"accordion block active-block\">\n                                <div class=\"acc-btn active\">\n                                    <div class=\"icon-outer\">\n                                        <i class=\"flaticon-down-arrow-2\"><\/i>\n                                    <\/div>\n                                    <h3>\n                                        O\u00f9 le CNAS peut-il intervenir ?                                    <\/h3>\n                                <\/div>\n                                <div class=\"acc-content current\">\n                                    <p>Concernant les transports terrestres (ambulance + taxi), CNAS intervient dans toute la France (et DOM TOM), Andorre, Autriche, Belgique, Espagne, Italie, Luxembourg, Pays Bas, Portugal, Suisse et Afrique du Nord. \n\nConcernant l\u2019assistance technique, l\u2019assistance m\u00e9dicale, les soins infirmiers \u00e0 domicile : CNAS intervient sur tout le territoire fran\u00e7ais.<\/p>\n                                <\/div>\n                            <\/li>\n                                                        <li class=\"accordion block\">\n                                <div class=\"acc-btn\">\n                                    <div class=\"icon-outer\">\n                                        <i class=\"flaticon-down-arrow-2\"><\/i>\n                                    <\/div>\n                                    <h3>\n                                        Qui peut b\u00e9n\u00e9ficier des services de CNAS Assistance ?                                    <\/h3>\n                                <\/div>\n                                <div class=\"acc-content\">\n                                    <p>Nos clients sont les compagnies d\u2019assistance et d\u2019assurance, les avionneurs ou tout professionnel n\u00e9cessitant les services que nous proposons. \n\nNous ne travaillons pas directement avec les particuliers. Si vous \u00eates particuliers et que vous avez un besoin (ambulance, taxi, d\u00e9pannage, voiture de location...), merci de contacter directement votre assurance. <\/p>\n                                <\/div>\n                            <\/li>\n                                                        <li class=\"accordion block\">\n                                <div class=\"acc-btn\">\n                                    <div class=\"icon-outer\">\n                                        <i class=\"flaticon-down-arrow-2\"><\/i>\n                                    <\/div>\n                                    <h3>\n                                        Comment faire une demande de service ?                                    <\/h3>\n                                <\/div>\n                                <div class=\"acc-content\">\n                                    <p>C\u2019est tr\u00e8s simple, il vous suffit de nous adresser un email \u00e0 cnas@cnas-assistance.com, en mentionnant les informations n\u00e9cessaires.  \n\nNotre \u00e9quipe vous enverra une confirmation de r\u00e9ception dans les 15 minutes.<\/p>\n                                <\/div>\n                            <\/li>\n                                                        <li class=\"accordion block\">\n                                <div class=\"acc-btn\">\n                                    <div class=\"icon-outer\">\n                                        <i class=\"flaticon-down-arrow-2\"><\/i>\n                                    <\/div>\n                                    <h3>\n                                        Quelles sont les horaires d\u2019ouverture de CNAS Assistance ?                                    <\/h3>\n                                <\/div>\n                                <div class=\"acc-content\">\n                                    <p>Nous sommes ouverts 24h\/24 et 7j\/7 pour les rapatriements terrestres (ambulance et taxi) et l\u2019assistance technique. Notre centre est ouvert 7j\/7 de 8h \u00e0 22h pour l\u2019assistance m\u00e9dicale. <\/p>\n                                <\/div>\n                            <\/li>\n                                                    <\/ul>\n                    <\/div>\n                <\/div>\n\n            <\/div>\n        <\/div>\n    <\/section>\n    <!--End Faq Page One-->\n    \t\n\t\t\t\t\t<\/div>\n\t\t\t\t<\/div>\n\t\t\t\t\t<\/div>\n\t\t<\/div>\n\t\t\t\t\t<\/div>\n\t\t<\/section>\n\t\t\t\t<section class=\"elementor-section elementor-top-section elementor-element elementor-element-a85fb88 elementor-section-full_width elementor-section-height-default elementor-section-height-default\" data-id=\"a85fb88\" data-element_type=\"section\" data-e-type=\"section\">\n\t\t\t\t\t\t<div class=\"elementor-container elementor-column-gap-default\">\n\t\t\t\t\t<div class=\"elementor-column elementor-col-100 elementor-top-column elementor-element elementor-element-5b3bc7d\" data-id=\"5b3bc7d\" data-element_type=\"column\" data-e-type=\"column\">\n\t\t\t<div class=\"elementor-widget-wrap elementor-element-populated\">\n\t\t\t\t\t\t<div class=\"elementor-element elementor-element-480ad77 elementor-widget elementor-widget-ambons_contact_us\" data-id=\"480ad77\" data-element_type=\"widget\" data-e-type=\"widget\" data-widget_type=\"ambons_contact_us.default\">\n\t\t\t\t<div class=\"elementor-widget-container\">\n\t\t\t\t\t\t\n    <!--Start Main Contact Form Area-->\n\t<section class=\"main-contact-form-area\" id=\"contact\">\n\t\t<div class=\"container\">\n\t\t\t            <div class=\"sec-title text-center\">\n\t\t\t\t                <div class=\"icon\">\n\t\t\t\t\t<span class=\"icon-heartbeat\"><\/span>\n\t\t\t\t<\/div>\n\t\t\t\t                                <div class=\"sub-title\">\n\t\t\t\t\t<h3>Envoyez-nous un message<\/h3>\n\t\t\t\t<\/div>\n\t\t\t\t                <h2>Contact<\/h2>\t\t\t<\/div>\n\t\t\t            \n\t\t\t\t\t\t<div class=\"row\">\n\t\t\t\t<div class=\"col-xl-12\">\n\t\t\t\t\t<div class=\"contact-form\">\n\t\t\t\t\t\t<div class=\"default-form2\">\n\t\t\t\t\t\t\t\n<div class=\"wpcf7 no-js\" id=\"wpcf7-f452-o1\" lang=\"en-US\" dir=\"ltr\" data-wpcf7-id=\"452\">\n<div class=\"screen-reader-response\"><p role=\"status\" aria-live=\"polite\" aria-atomic=\"true\"><\/p> <ul><\/ul><\/div>\n<form action=\"\/fr\/wp-json\/wp\/v2\/pages\/68#wpcf7-f452-o1\" method=\"post\" class=\"wpcf7-form init\" aria-label=\"Contact form\" novalidate=\"novalidate\" data-status=\"init\" data-trp-original-action=\"\/fr\/wp-json\/wp\/v2\/pages\/68#wpcf7-f452-o1\">\n<fieldset class=\"hidden-fields-container\"><input type=\"hidden\" name=\"_wpcf7\" value=\"452\" \/><input type=\"hidden\" name=\"_wpcf7_version\" value=\"6.1.5\" \/><input type=\"hidden\" name=\"_wpcf7_locale\" value=\"en_US\" \/><input type=\"hidden\" name=\"_wpcf7_unit_tag\" value=\"wpcf7-f452-o1\" \/><input type=\"hidden\" name=\"_wpcf7_container_post\" value=\"0\" \/><input type=\"hidden\" name=\"_wpcf7_posted_data_hash\" value=\"\" \/>\n<\/fieldset>\n<div class=\"row\">\n\t<div class=\"col-xl-6\">\n\t\t<div class=\"form-group\">\n\t\t\t<div class=\"input-box\">\n\t\t\t\t<p><span class=\"wpcf7-form-control-wrap\" data-name=\"text-463\"><input size=\"40\" maxlength=\"400\" class=\"wpcf7-form-control wpcf7-text wpcf7-validates-as-required\" aria-required=\"true\" aria-invalid=\"false\" placeholder=\"Pr\u00e9nom Nom\" value=\"\" type=\"text\" name=\"text-463\" \/><\/span>\n\t\t\t\t<\/p>\n\t\t\t<\/div>\n\t\t<\/div>\n\t<\/div>\n\t<div class=\"col-xl-6\">\n\t\t<div class=\"form-group\">\n\t\t\t<div class=\"input-box\">\n\t\t\t\t<p><span class=\"wpcf7-form-control-wrap\" data-name=\"email-762\"><input size=\"40\" maxlength=\"400\" class=\"wpcf7-form-control wpcf7-email wpcf7-validates-as-required wpcf7-text wpcf7-validates-as-email\" aria-required=\"true\" aria-invalid=\"false\" placeholder=\"Adresse email\" value=\"\" type=\"email\" name=\"email-762\" \/><\/span>\n\t\t\t\t<\/p>\n\t\t\t<\/div>\n\t\t<\/div>\n\t<\/div>\n<\/div>\n<div class=\"row\">\n\t<div class=\"col-xl-6\">\n\t\t<div class=\"form-group\">\n\t\t\t<div class=\"input-box\">\n\t\t\t\t<p><span class=\"wpcf7-form-control-wrap\" data-name=\"text-464\"><input size=\"40\" maxlength=\"400\" class=\"wpcf7-form-control wpcf7-text\" aria-invalid=\"false\" placeholder=\"T\u00e9l\u00e9phone\" value=\"\" type=\"text\" name=\"text-464\" \/><\/span>\n\t\t\t\t<\/p>\n\t\t\t<\/div>\n\t\t<\/div>\n\t<\/div>\n\t<div class=\"col-xl-6\">\n\t\t<div class=\"form-group\">\n\t\t\t<div class=\"input-box\">\n\t\t\t\t<p><span class=\"wpcf7-form-control-wrap\" data-name=\"text-465\"><input size=\"40\" maxlength=\"400\" class=\"wpcf7-form-control wpcf7-text\" aria-invalid=\"false\" placeholder=\"Objet\" value=\"\" type=\"text\" name=\"text-465\" \/><\/span>\n\t\t\t\t<\/p>\n\t\t\t<\/div>\n\t\t<\/div>\n\t<\/div>\n<\/div>\n<div class=\"row\">\n\t<div class=\"col-xl-12\">\n\t\t<div class=\"form-group\">\n\t\t\t<div class=\"input-box\">\n\t\t\t\t<p><span class=\"wpcf7-form-control-wrap\" data-name=\"textarea-290\"><textarea cols=\"40\" rows=\"10\" maxlength=\"2000\" class=\"wpcf7-form-control wpcf7-textarea\" aria-invalid=\"false\" placeholder=\"Votre message\" name=\"textarea-290\"><\/textarea><\/span>\n\t\t\t\t<\/p>\n\t\t\t<\/div>\n\t\t<\/div>\n\t<\/div>\n<\/div>\n<div class=\"row\">\n\t<div class=\"col-xl-12 text-center\">\n\t\t<div class=\"button-box\">\n\t\t\t<p><button class=\"btn-one\" type=\"submit\" data-loading-text=\"Please wait...\"><span class=\"txt\">Envoyer<\/span><\/button>\n\t\t\t<\/p>\n\t\t<\/div>\n\t<\/div>\n<\/div><div class=\"wpcf7-response-output\" aria-hidden=\"true\"><\/div>\n<input type=\"hidden\" name=\"trp-form-language\" value=\"fr\"\/><\/form>\n<\/div>\n\t\t\t\t\t\t<\/div>\n\t\t\t\t\t<\/div>\n\t\t\t\t<\/div>\n\t\t\t<\/div>\n                        \n\t\t<\/div>\n\t<\/section>\n\t<!--End Main Contact Form Area-->\n    \n\t\t\t\t\t<\/div>\n\t\t\t\t<\/div>\n\t\t\t\t\t<\/div>\n\t\t<\/div>\n\t\t\t\t\t<\/div>\n\t\t<\/section>\n\t\t\t\t<\/div>","protected":false},"excerpt":{"rendered":"<p>What are the skills of a french paramedic? The French ambulance paramedic is not a nurse. French paramedics can perform: emergency procedures, handle the patient and the stretcher, drive the ambulance, assess the patient&#8217;s general condition, take vitals if the patient&#8217;s condition requires it, control the infusion, make diabetes testing. An ambulance crew always consists [&hellip;]<\/p>\n","protected":false},"author":1,"featured_media":0,"parent":0,"menu_order":0,"comment_status":"closed","ping_status":"closed","template":"tpl-default-elementor.php","meta":{"footnotes":""},"class_list":["post-68","page","type-page","status-publish","hentry"],"yoast_head":"<!-- This site is optimized with the Yoast SEO plugin v27.3 - https:\/\/yoast.com\/product\/yoast-seo-wordpress\/ -->\n<title>FAQ\u2019s - CNAS Assistance<\/title>\n<meta name=\"description\" content=\"You have questions about how CNAS Assistance works? What kind of services we offer? Read our dedicated page to questions and answers.\" \/>\n<meta name=\"robots\" content=\"index, follow, max-snippet:-1, max-image-preview:large, max-video-preview:-1\" \/>\n<link rel=\"canonical\" href=\"https:\/\/cnas-assistance.com\/fr\/faqs\/\" \/>\n<meta property=\"og:locale\" content=\"fr_FR\" \/>\n<meta property=\"og:type\" content=\"article\" \/>\n<meta property=\"og:title\" content=\"FAQ\u2019s - CNAS Assistance\" \/>\n<meta property=\"og:description\" content=\"You have questions about how CNAS Assistance works? What kind of services we offer? Read our dedicated page to questions and answers.\" \/>\n<meta property=\"og:url\" content=\"https:\/\/cnas-assistance.com\/fr\/faqs\/\" \/>\n<meta property=\"og:site_name\" content=\"CNAS Assistance\" \/>\n<meta property=\"article:modified_time\" content=\"2024-10-03T14:24:48+00:00\" \/>\n<meta name=\"twitter:card\" content=\"summary_large_image\" \/>\n<meta name=\"twitter:label1\" content=\"Dur\u00e9e de lecture estim\u00e9e\" \/>\n\t<meta name=\"twitter:data1\" content=\"3 minutes\" \/>\n<script type=\"application\/ld+json\" class=\"yoast-schema-graph\">{\"@context\":\"https:\\\/\\\/schema.org\",\"@graph\":[{\"@type\":\"WebPage\",\"@id\":\"https:\\\/\\\/cnas-assistance.com\\\/faqs\\\/\",\"url\":\"https:\\\/\\\/cnas-assistance.com\\\/faqs\\\/\",\"name\":\"FAQ\u2019s - CNAS Assistance\",\"isPartOf\":{\"@id\":\"https:\\\/\\\/cnas-assistance.com\\\/#website\"},\"datePublished\":\"2022-01-29T12:27:23+00:00\",\"dateModified\":\"2024-10-03T14:24:48+00:00\",\"description\":\"You have questions about how CNAS Assistance works? What kind of services we offer? Read our dedicated page to questions and answers.\",\"breadcrumb\":{\"@id\":\"https:\\\/\\\/cnas-assistance.com\\\/faqs\\\/#breadcrumb\"},\"inLanguage\":\"fr-FR\",\"potentialAction\":[{\"@type\":\"ReadAction\",\"target\":[\"https:\\\/\\\/cnas-assistance.com\\\/faqs\\\/\"]}]},{\"@type\":\"BreadcrumbList\",\"@id\":\"https:\\\/\\\/cnas-assistance.com\\\/faqs\\\/#breadcrumb\",\"itemListElement\":[{\"@type\":\"ListItem\",\"position\":1,\"name\":\"Accueil\",\"item\":\"https:\\\/\\\/cnas-assistance.com\\\/\"},{\"@type\":\"ListItem\",\"position\":2,\"name\":\"FAQ\u2019s\"}]},{\"@type\":\"WebSite\",\"@id\":\"https:\\\/\\\/cnas-assistance.com\\\/#website\",\"url\":\"https:\\\/\\\/cnas-assistance.com\\\/\",\"name\":\"cnas-assistance.com\",\"description\":\"Centralizing the needs of insurance &amp; assistance companies\",\"publisher\":{\"@id\":\"https:\\\/\\\/cnas-assistance.com\\\/#organization\"},\"potentialAction\":[{\"@type\":\"SearchAction\",\"target\":{\"@type\":\"EntryPoint\",\"urlTemplate\":\"https:\\\/\\\/cnas-assistance.com\\\/?s={search_term_string}\"},\"query-input\":{\"@type\":\"PropertyValueSpecification\",\"valueRequired\":true,\"valueName\":\"search_term_string\"}}],\"inLanguage\":\"fr-FR\"},{\"@type\":\"Organization\",\"@id\":\"https:\\\/\\\/cnas-assistance.com\\\/#organization\",\"name\":\"cnas-assistance.com\",\"url\":\"https:\\\/\\\/cnas-assistance.com\\\/\",\"logo\":{\"@type\":\"ImageObject\",\"inLanguage\":\"fr-FR\",\"@id\":\"https:\\\/\\\/cnas-assistance.com\\\/#\\\/schema\\\/logo\\\/image\\\/\",\"url\":\"https:\\\/\\\/cnas-assistance.com\\\/wp-content\\\/uploads\\\/2024\\\/06\\\/LOGO-SANS-FOND-e1717678980514.png\",\"contentUrl\":\"https:\\\/\\\/cnas-assistance.com\\\/wp-content\\\/uploads\\\/2024\\\/06\\\/LOGO-SANS-FOND-e1717678980514.png\",\"width\":1500,\"height\":1082,\"caption\":\"cnas-assistance.com\"},\"image\":{\"@id\":\"https:\\\/\\\/cnas-assistance.com\\\/#\\\/schema\\\/logo\\\/image\\\/\"},\"sameAs\":[\"https:\\\/\\\/www.linkedin.com\\\/company\\\/cnasassistance\\\/\"]}]}<\/script>\n<!-- \/ Yoast SEO plugin. -->","yoast_head_json":{"title":"FAQ\u2019s - CNAS Assistance","description":"You have questions about how CNAS Assistance works? What kind of services we offer? Read our dedicated page to questions and answers.","robots":{"index":"index","follow":"follow","max-snippet":"max-snippet:-1","max-image-preview":"max-image-preview:large","max-video-preview":"max-video-preview:-1"},"canonical":"https:\/\/cnas-assistance.com\/fr\/faqs\/","og_locale":"fr_FR","og_type":"article","og_title":"FAQ\u2019s - CNAS Assistance","og_description":"You have questions about how CNAS Assistance works? What kind of services we offer? Read our dedicated page to questions and answers.","og_url":"https:\/\/cnas-assistance.com\/fr\/faqs\/","og_site_name":"CNAS Assistance","article_modified_time":"2024-10-03T14:24:48+00:00","twitter_card":"summary_large_image","twitter_misc":{"Dur\u00e9e de lecture estim\u00e9e":"3 minutes"},"schema":{"@context":"https:\/\/schema.org","@graph":[{"@type":"WebPage","@id":"https:\/\/cnas-assistance.com\/faqs\/","url":"https:\/\/cnas-assistance.com\/faqs\/","name":"FAQ\u2019s - CNAS Assistance","isPartOf":{"@id":"https:\/\/cnas-assistance.com\/#website"},"datePublished":"2022-01-29T12:27:23+00:00","dateModified":"2024-10-03T14:24:48+00:00","description":"You have questions about how CNAS Assistance works? What kind of services we offer? Read our dedicated page to questions and answers.","breadcrumb":{"@id":"https:\/\/cnas-assistance.com\/faqs\/#breadcrumb"},"inLanguage":"fr-FR","potentialAction":[{"@type":"ReadAction","target":["https:\/\/cnas-assistance.com\/faqs\/"]}]},{"@type":"BreadcrumbList","@id":"https:\/\/cnas-assistance.com\/faqs\/#breadcrumb","itemListElement":[{"@type":"ListItem","position":1,"name":"Accueil","item":"https:\/\/cnas-assistance.com\/"},{"@type":"ListItem","position":2,"name":"FAQ\u2019s"}]},{"@type":"WebSite","@id":"https:\/\/cnas-assistance.com\/#website","url":"https:\/\/cnas-assistance.com\/","name":"cnas-assistance.com","description":"Centralizing the needs of insurance &amp; assistance companies","publisher":{"@id":"https:\/\/cnas-assistance.com\/#organization"},"potentialAction":[{"@type":"SearchAction","target":{"@type":"EntryPoint","urlTemplate":"https:\/\/cnas-assistance.com\/?s={search_term_string}"},"query-input":{"@type":"PropertyValueSpecification","valueRequired":true,"valueName":"search_term_string"}}],"inLanguage":"fr-FR"},{"@type":"Organization","@id":"https:\/\/cnas-assistance.com\/#organization","name":"cnas-assistance.com","url":"https:\/\/cnas-assistance.com\/","logo":{"@type":"ImageObject","inLanguage":"fr-FR","@id":"https:\/\/cnas-assistance.com\/#\/schema\/logo\/image\/","url":"https:\/\/cnas-assistance.com\/wp-content\/uploads\/2024\/06\/LOGO-SANS-FOND-e1717678980514.png","contentUrl":"https:\/\/cnas-assistance.com\/wp-content\/uploads\/2024\/06\/LOGO-SANS-FOND-e1717678980514.png","width":1500,"height":1082,"caption":"cnas-assistance.com"},"image":{"@id":"https:\/\/cnas-assistance.com\/#\/schema\/logo\/image\/"},"sameAs":["https:\/\/www.linkedin.com\/company\/cnasassistance\/"]}]}},"_links":{"self":[{"href":"https:\/\/cnas-assistance.com\/fr\/wp-json\/wp\/v2\/pages\/68","targetHints":{"allow":["GET"]}}],"collection":[{"href":"https:\/\/cnas-assistance.com\/fr\/wp-json\/wp\/v2\/pages"}],"about":[{"href":"https:\/\/cnas-assistance.com\/fr\/wp-json\/wp\/v2\/types\/page"}],"author":[{"embeddable":true,"href":"https:\/\/cnas-assistance.com\/fr\/wp-json\/wp\/v2\/users\/1"}],"replies":[{"embeddable":true,"href":"https:\/\/cnas-assistance.com\/fr\/wp-json\/wp\/v2\/comments?post=68"}],"version-history":[{"count":3,"href":"https:\/\/cnas-assistance.com\/fr\/wp-json\/wp\/v2\/pages\/68\/revisions"}],"predecessor-version":[{"id":2353,"href":"https:\/\/cnas-assistance.com\/fr\/wp-json\/wp\/v2\/pages\/68\/revisions\/2353"}],"wp:attachment":[{"href":"https:\/\/cnas-assistance.com\/fr\/wp-json\/wp\/v2\/media?parent=68"}],"curies":[{"name":"wp","href":"https:\/\/api.w.org\/{rel}","templated":true}]}}