{"id":56,"date":"2022-01-29T12:25:52","date_gmt":"2022-01-29T12:25:52","guid":{"rendered":"http:\/\/fastwpdemo.com\/newwp\/ambons\/?page_id=56"},"modified":"2024-10-03T16:21:00","modified_gmt":"2024-10-03T14:21:00","slug":"home-nursing-service","status":"publish","type":"page","link":"https:\/\/cnas-assistance.com\/fr\/home-nursing-service\/","title":{"rendered":"Service de soins infirmiers \u00e0 domicile"},"content":{"rendered":"<div data-elementor-type=\"wp-page\" data-elementor-id=\"56\" class=\"elementor elementor-56\">\n\t\t\t\t\t\t<section class=\"elementor-section elementor-top-section elementor-element elementor-element-40f2888 elementor-section-full_width elementor-section-height-default elementor-section-height-default\" data-id=\"40f2888\" data-element_type=\"section\" data-e-type=\"section\">\n\t\t\t\t\t\t<div class=\"elementor-container elementor-column-gap-default\">\n\t\t\t\t\t<div class=\"elementor-column elementor-col-100 elementor-top-column elementor-element elementor-element-3096104\" data-id=\"3096104\" data-element_type=\"column\" data-e-type=\"column\">\n\t\t\t<div class=\"elementor-widget-wrap\">\n\t\t\t\t\t\t\t<\/div>\n\t\t<\/div>\n\t\t\t\t\t<\/div>\n\t\t<\/section>\n\t\t\t\t<section class=\"elementor-section elementor-top-section elementor-element elementor-element-992dd87 elementor-section-full_width elementor-section-height-default elementor-section-height-default\" data-id=\"992dd87\" data-element_type=\"section\" data-e-type=\"section\">\n\t\t\t\t\t\t<div class=\"elementor-container elementor-column-gap-default\">\n\t\t\t\t\t<div class=\"elementor-column elementor-col-100 elementor-top-column elementor-element elementor-element-7efaf03\" data-id=\"7efaf03\" data-element_type=\"column\" data-e-type=\"column\">\n\t\t\t<div class=\"elementor-widget-wrap elementor-element-populated\">\n\t\t\t\t\t\t<div class=\"elementor-element elementor-element-1a8f5fc elementor-widget elementor-widget-ambons_service_detail\" data-id=\"1a8f5fc\" data-element_type=\"widget\" data-e-type=\"widget\" data-widget_type=\"ambons_service_detail.default\">\n\t\t\t\t<div class=\"elementor-widget-container\">\n\t\t\t\t\t  \t\n    <!--Start Service Details area -->\n    <section class=\"service-details-area\">\n        <div class=\"container\">\n            <div class=\"row\">\n\t\t\t\t                <!--Start Service Details Sidebar -->\n                <div class=\"col-xl-4 col-lg-5 order-box-2\">\n                    <div class=\"service-details__sidebar\">\n\t\t\t\t\t\t<div id=\"nav_menu-10\" class=\"service-widget widget_nav_menu\"><div class=\"menu-services-sidebar-menu-container\"><ul id=\"menu-services-sidebar-menu\" class=\"menu\"><li id=\"menu-item-967\" class=\"menu-item menu-item-type-post_type menu-item-object-page menu-item-967\"><a href=\"https:\/\/cnas-assistance.com\/fr\/taxi-service\/\">Service taxi<\/a><\/li>\n<li id=\"menu-item-968\" class=\"menu-item menu-item-type-post_type menu-item-object-page menu-item-968\"><a href=\"https:\/\/cnas-assistance.com\/fr\/hotel-service\/\">Service h\u00f4telier<\/a><\/li>\n<li id=\"menu-item-969\" class=\"menu-item menu-item-type-post_type menu-item-object-page menu-item-969\"><a href=\"https:\/\/cnas-assistance.com\/fr\/medical-assistance\/\">Assistance m\u00e9dicale<\/a><\/li>\n<li id=\"menu-item-970\" class=\"menu-item menu-item-type-post_type menu-item-object-page menu-item-970\"><a href=\"https:\/\/cnas-assistance.com\/fr\/home-nursing-service\/\">Service de soins infirmiers \u00e0 domicile<\/a><\/li>\n<li id=\"menu-item-1541\" class=\"menu-item menu-item-type-post_type menu-item-object-page menu-item-1541\"><a href=\"https:\/\/cnas-assistance.com\/fr\/technical-assistance\/\">Assistance technique<\/a><\/li>\n<li id=\"menu-item-1542\" class=\"menu-item menu-item-type-post_type menu-item-object-page menu-item-1542\"><a href=\"https:\/\/cnas-assistance.com\/fr\/ground-medical-transport\/\">Transport M\u00e9dical Terrestre<\/a><\/li>\n<\/ul><\/div><\/div><div id=\"ambons_need_help-2\" class=\"service-widget widget_ambons_need_help\">      \t\t\n\t\t\t<div class=\"service-details-contact-info\" data-aos=\"slide-up\" data-aos-easing=\"linear\" data-aos-duration=\"1000\">\n                <div class=\"sidebar-info-box-bg\" style=\"background-image: url(http:\/\/fastwpdemo.com\/newwp\/ambons\/wp-content\/uploads\/2022\/03\/sidebar-info-box-bg.jpg);\"><\/div>\n                <h3> Besoin d'aide ?<\/h3>                <p>Contactez-nous et vous serez en liaison avec un membre de l'\u00e9quipe bilingue, pour une assistance enti\u00e8rement personnalis\u00e9e \u00e0 la demande.<\/p>                <h2><a href=\"tel:+33 4 38 49 83 49\">+33 4 38 49 83 49<\/a><\/h2>            <\/div>\n                        \n        <\/div>                    <\/div>\n                <\/div>\n                <!--End Service Details Sidebar -->\n\t\t\t\t                \n                <!--Start Service Details Content -->\n                <div class=\"col-xl-8 col-lg-7 order-box-1\">\n                    <div class=\"service-details__content\">\n                        \t\t\t\t\t\n\t\t\t\t\t\t<div class=\"img-box1\">\n\t\t\t\t\t\t\t<img decoding=\"async\" src=\"https:\/\/cnas-assistance.com\/wp-content\/uploads\/2024\/08\/Medical-Assistance-CNAS-Assistance.jpg\" alt=\"Awesome Image\" \/>\n\t\t\t\t\t\t<\/div>\t\t\t\t\t\t\n\t\t\t\t\t  \t\t\t\t\t\t\t\n                        \t\t\t\t\t\t<div class=\"text-box1\">\t\t\t\t\t\t\n\t\t\t\t\t\t\t<h2>Service de soins infirmiers \u00e0 domicile<\/h2>\t\t\t\t\t\t\t<p>Les soins infirmiers \u00e0 domicile sont un service sp\u00e9cialis\u00e9 dans lequel des infirmi\u00e8res se rendent \u00e0 domicile pour prodiguer les soins n\u00e9cessaires.<\/p>\n\n<p>Pour assurer le confort de votre patient, nous travaillons avec des cabinets d'infirmi\u00e8res dans toute la France et pouvons organiser des soins infirmiers \u00e0 domicile (pansements, injections, distribution de m\u00e9dicaments...). <\/p>\n\n<p>Notre centre op\u00e9rationnel est \u00e0 votre service pour organiser et payer les soins \u00e0 domicile.\n<\/p>\t\t\t\t\t\t<\/div>\n\t\t\t\t\t\t\n                        <div class=\"text-box2\">\n                            <div class=\"row\">\n                                                                <div class=\"col-xl-6\">\n                                    <div class=\"text-box2-single\" data-aos=\"fade-right\" data-aos-easing=\"linear\"\n                                        data-aos-duration=\"2500\">\n                                        <h4>\n                                            <span class=\"icon-right-arrow\"><\/span> Services multiples                                        <\/h4>\n                                        <p>Soins infirmiers \u00e0 domicile ou assistance \u00e0 domicile<\/p>\n                                    <\/div>\n                                <\/div>\n\t\t\t\t\t\t\t\t                                <div class=\"col-xl-6\">\n                                    <div class=\"text-box2-single\" data-aos=\"fade-left\" data-aos-easing=\"linear\"\n                                        data-aos-duration=\"2500\">\n                                        <h4>\n                                            <span class=\"icon-right-arrow\"><\/span> Localisation en France                                        <\/h4>\n                                        <p>Les infirmi\u00e8res sont situ\u00e9es \u00e0 proximit\u00e9 du domicile<\/p>\n                                    <\/div>\n                                <\/div>\n\t\t\t\t\t\t\t\t                            <\/div>\n                        <\/div>\n\n                       \n                        <div class=\"text-box4\">\n                            <div class=\"row\">\n                                <div class=\"col-xl-6\">\n                                    <div class=\"content-box\">\n                                        <h2>Avantages du service<\/h2>                                        <p>CNAS Assistance intervient depuis 1986 et assure :<\/p>\t\t\t\t\t\t\t\t\t\t\t\t\t\t\t\t\t\t\t\t<ul>\n\t\t\t\t\t\t\t\t\t\t\t\t\t\t\t\t\t\t\t\t\t   \t<li><span class=\"icon-checked\"><\/span> R\u00e9ponse rapide<\/li>\n\t\t\t\t\t\t\t\t\t\t\t\t\t\t\t\t\t\t\t\t\t   \t<li><span class=\"icon-checked\"><\/span> Suivi de dossier <\/li>\n\t\t\t\t\t\t\t\t\t\t\t\t\t\t\t\t\t\t\t\t\t   \t<li><span class=\"icon-checked\"><\/span> Infirmi\u00e8res pr\u00e8s de votre maison <\/li>\n\t\t\t\t\t\t\t\t\t\t\t\t\t\t\t\t\t\t\t\t\t   \t<li><span class=\"icon-checked\"><\/span> Assistance bilingue<\/li>\n\t\t\t\t\t\t\t\t\t\t\t\t\t\t\t\t\t\t\t\t\t<\/ul>\n\t\t\t\t\t\t\t\t\t\t                                    <\/div>\n                                <\/div>\n\t\t\t\t\t\t\t\t                                <div class=\"col-xl-6\">\n                                    <div class=\"img-box\">\n                                        <img decoding=\"async\" src=\"https:\/\/cnas-assistance.com\/wp-content\/uploads\/2024\/08\/Nurse-Medical-Assistance.jpg\" alt=\"Awesome Image\" \/>\n                                    <\/div>\n                                <\/div>\n\t\t\t\t\t\t\t\t                            <\/div>\n                        <\/div>\n\n                        <div class=\"faq-style1__content\">\n                            <ul class=\"accordion-box\">\n                                                                <li class=\"accordion block active-block\">\n                                    <div class=\"acc-btn active\">\n                                        <div class=\"icon-outer\">\n                                            <i class=\"icon-down-arrow\"><\/i>\n                                        <\/div>\n                                        <h3>Peut-on prendre rendez-vous pour un house call ?<\/h3>\n                                    <\/div>\n                                    <div class=\"acc-content current\">\n                                        <p>Oui et non...\n\nPour un rendez-vous m\u00e9dical \u00e0 domicile il est n\u00e9cessaire de contacter le centre m\u00e9dical.  \n\nLes patients accept\u00e9s par le service de m\u00e9decin \u00e0 domicile sont enregistr\u00e9s sur une liste de demande de visite. \n\nLes m\u00e9decins r\u00e9alisent les visites par ordre d\u2019inscription et d\u2019urgence. \n\nIl n\u2019est donc pas possible d\u2019avoir une heure fixe de rendez-vous mais une plage horaire vous sera indiqu\u00e9e.<\/p>\n                                    <\/div>\n                                <\/li>\n                                                                <li class=\"accordion block\">\n                                    <div class=\"acc-btn\">\n                                        <div class=\"icon-outer\">\n                                            <i class=\"icon-down-arrow\"><\/i>\n                                        <\/div>\n                                        <h3>Qui peut b\u00e9n\u00e9ficier des services de CNAS Assistance ?<\/h3>\n                                    <\/div>\n                                    <div class=\"acc-content\">\n                                        <p>Nos clients sont les compagnies d\u2019assistance et d\u2019assurance, les avionneurs ou tout professionnel n\u00e9cessitant les services que nous proposons. \n\nNous ne travaillons pas directement avec les particuliers. Si vous \u00eates particuliers et que vous avez un besoin (ambulance, taxi, d\u00e9pannage, voiture de location...), merci de contacter directement votre assurance.<\/p>\n                                    <\/div>\n                                <\/li>\n                                                                <li class=\"accordion block\">\n                                    <div class=\"acc-btn\">\n                                        <div class=\"icon-outer\">\n                                            <i class=\"icon-down-arrow\"><\/i>\n                                        <\/div>\n                                        <h3>Comment faire une demande de service ?<\/h3>\n                                    <\/div>\n                                    <div class=\"acc-content\">\n                                        <p>C\u2019est tr\u00e8s simple, il vous suffit de nous adresser un email \u00e0 cnas@cnas-assistance.com, en mentionnant les informations n\u00e9cessaires.  \n\nNotre \u00e9quipe vous enverra une confirmation de r\u00e9ception dans les 15 minutes.<\/p>\n                                    <\/div>\n                                <\/li>\n                                                            <\/ul>\n                        <\/div>\n                    <\/div>\n                <\/div>\n                <!--End Service Details Content -->\n            <\/div>\n        <\/div>\n    <\/section>\n    <!--End Service Details area -->\n    \n    \t\t\t\t<\/div>\n\t\t\t\t<\/div>\n\t\t\t\t\t<\/div>\n\t\t<\/div>\n\t\t\t\t\t<\/div>\n\t\t<\/section>\n\t\t\t\t<\/div>","protected":false},"excerpt":{"rendered":"<p>Taxi Service Hotel Service Medical Assistance Home Nursing Service Technical Assistance Ground Medical Transport Need Help? Call our office and we will connect you with a bilingual team member for a fully tailored assistance on demand. +33 4 38 49 83 49 Download our Broucher Home nursing service Home nursing is a specialized service in [&hellip;]<\/p>\n","protected":false},"author":1,"featured_media":0,"parent":0,"menu_order":0,"comment_status":"closed","ping_status":"closed","template":"tpl-default-elementor.php","meta":{"footnotes":""},"class_list":["post-56","page","type-page","status-publish","hentry"],"yoast_head":"<!-- This site is optimized with the Yoast SEO plugin v27.4 - https:\/\/yoast.com\/product\/yoast-seo-wordpress\/ -->\n<title>Home Nursing Service - CNAS Assistance<\/title>\n<meta name=\"description\" content=\"CNAS Assistance work with nursing practices in France. We can arrange home nursing care or home care assistants.\" \/>\n<meta name=\"robots\" content=\"index, follow, max-snippet:-1, max-image-preview:large, max-video-preview:-1\" \/>\n<link rel=\"canonical\" href=\"https:\/\/cnas-assistance.com\/fr\/home-nursing-service\/\" \/>\n<meta property=\"og:locale\" content=\"fr_FR\" \/>\n<meta property=\"og:type\" content=\"article\" \/>\n<meta property=\"og:title\" content=\"Home Nursing Service - CNAS Assistance\" \/>\n<meta property=\"og:description\" content=\"CNAS Assistance work with nursing practices in France. We can arrange home nursing care or home care assistants.\" \/>\n<meta property=\"og:url\" content=\"https:\/\/cnas-assistance.com\/fr\/home-nursing-service\/\" \/>\n<meta property=\"og:site_name\" content=\"CNAS Assistance\" \/>\n<meta property=\"article:modified_time\" content=\"2024-10-03T14:21:00+00:00\" \/>\n<meta property=\"og:image\" content=\"https:\/\/cnas-assistance.com\/wp-content\/uploads\/2024\/08\/Medical-Assistance-CNAS-Assistance.jpg\" \/>\n<meta name=\"twitter:card\" content=\"summary_large_image\" \/>\n<meta name=\"twitter:label1\" content=\"Dur\u00e9e de lecture estim\u00e9e\" \/>\n\t<meta name=\"twitter:data1\" content=\"2 minutes\" \/>\n<script type=\"application\/ld+json\" class=\"yoast-schema-graph\">{\"@context\":\"https:\\\/\\\/schema.org\",\"@graph\":[{\"@type\":\"WebPage\",\"@id\":\"https:\\\/\\\/cnas-assistance.com\\\/fr\\\/home-nursing-service\\\/\",\"url\":\"https:\\\/\\\/cnas-assistance.com\\\/fr\\\/home-nursing-service\\\/\",\"name\":\"Home Nursing Service - CNAS Assistance\",\"isPartOf\":{\"@id\":\"https:\\\/\\\/cnas-assistance.com\\\/#website\"},\"primaryImageOfPage\":{\"@id\":\"https:\\\/\\\/cnas-assistance.com\\\/fr\\\/home-nursing-service\\\/#primaryimage\"},\"image\":{\"@id\":\"https:\\\/\\\/cnas-assistance.com\\\/fr\\\/home-nursing-service\\\/#primaryimage\"},\"thumbnailUrl\":\"https:\\\/\\\/cnas-assistance.com\\\/wp-content\\\/uploads\\\/2024\\\/08\\\/Medical-Assistance-CNAS-Assistance.jpg\",\"datePublished\":\"2022-01-29T12:25:52+00:00\",\"dateModified\":\"2024-10-03T14:21:00+00:00\",\"description\":\"CNAS Assistance work with nursing practices in France. We can arrange home nursing care or home care assistants.\",\"breadcrumb\":{\"@id\":\"https:\\\/\\\/cnas-assistance.com\\\/fr\\\/home-nursing-service\\\/#breadcrumb\"},\"inLanguage\":\"fr-FR\",\"potentialAction\":[{\"@type\":\"ReadAction\",\"target\":[\"https:\\\/\\\/cnas-assistance.com\\\/fr\\\/home-nursing-service\\\/\"]}]},{\"@type\":\"ImageObject\",\"inLanguage\":\"fr-FR\",\"@id\":\"https:\\\/\\\/cnas-assistance.com\\\/fr\\\/home-nursing-service\\\/#primaryimage\",\"url\":\"https:\\\/\\\/cnas-assistance.com\\\/wp-content\\\/uploads\\\/2024\\\/08\\\/Medical-Assistance-CNAS-Assistance.jpg\",\"contentUrl\":\"https:\\\/\\\/cnas-assistance.com\\\/wp-content\\\/uploads\\\/2024\\\/08\\\/Medical-Assistance-CNAS-Assistance.jpg\"},{\"@type\":\"BreadcrumbList\",\"@id\":\"https:\\\/\\\/cnas-assistance.com\\\/fr\\\/home-nursing-service\\\/#breadcrumb\",\"itemListElement\":[{\"@type\":\"ListItem\",\"position\":1,\"name\":\"Accueil\",\"item\":\"https:\\\/\\\/cnas-assistance.com\\\/\"},{\"@type\":\"ListItem\",\"position\":2,\"name\":\"Home Nursing Service\"}]},{\"@type\":\"WebSite\",\"@id\":\"https:\\\/\\\/cnas-assistance.com\\\/#website\",\"url\":\"https:\\\/\\\/cnas-assistance.com\\\/\",\"name\":\"cnas-assistance.com\",\"description\":\"Centralizing the needs of insurance &amp; assistance companies\",\"publisher\":{\"@id\":\"https:\\\/\\\/cnas-assistance.com\\\/#organization\"},\"potentialAction\":[{\"@type\":\"SearchAction\",\"target\":{\"@type\":\"EntryPoint\",\"urlTemplate\":\"https:\\\/\\\/cnas-assistance.com\\\/?s={search_term_string}\"},\"query-input\":{\"@type\":\"PropertyValueSpecification\",\"valueRequired\":true,\"valueName\":\"search_term_string\"}}],\"inLanguage\":\"fr-FR\"},{\"@type\":\"Organization\",\"@id\":\"https:\\\/\\\/cnas-assistance.com\\\/#organization\",\"name\":\"cnas-assistance.com\",\"url\":\"https:\\\/\\\/cnas-assistance.com\\\/\",\"logo\":{\"@type\":\"ImageObject\",\"inLanguage\":\"fr-FR\",\"@id\":\"https:\\\/\\\/cnas-assistance.com\\\/#\\\/schema\\\/logo\\\/image\\\/\",\"url\":\"https:\\\/\\\/cnas-assistance.com\\\/wp-content\\\/uploads\\\/2024\\\/06\\\/LOGO-SANS-FOND-e1717678980514.png\",\"contentUrl\":\"https:\\\/\\\/cnas-assistance.com\\\/wp-content\\\/uploads\\\/2024\\\/06\\\/LOGO-SANS-FOND-e1717678980514.png\",\"width\":1500,\"height\":1082,\"caption\":\"cnas-assistance.com\"},\"image\":{\"@id\":\"https:\\\/\\\/cnas-assistance.com\\\/#\\\/schema\\\/logo\\\/image\\\/\"},\"sameAs\":[\"https:\\\/\\\/www.linkedin.com\\\/company\\\/cnasassistance\\\/\"]}]}<\/script>\n<!-- \/ Yoast SEO plugin. -->","yoast_head_json":{"title":"Home Nursing Service - CNAS Assistance","description":"CNAS Assistance work with nursing practices in France. We can arrange home nursing care or home care assistants.","robots":{"index":"index","follow":"follow","max-snippet":"max-snippet:-1","max-image-preview":"max-image-preview:large","max-video-preview":"max-video-preview:-1"},"canonical":"https:\/\/cnas-assistance.com\/fr\/home-nursing-service\/","og_locale":"fr_FR","og_type":"article","og_title":"Home Nursing Service - CNAS Assistance","og_description":"CNAS Assistance work with nursing practices in France. We can arrange home nursing care or home care assistants.","og_url":"https:\/\/cnas-assistance.com\/fr\/home-nursing-service\/","og_site_name":"CNAS Assistance","article_modified_time":"2024-10-03T14:21:00+00:00","og_image":[{"url":"https:\/\/cnas-assistance.com\/wp-content\/uploads\/2024\/08\/Medical-Assistance-CNAS-Assistance.jpg","type":"","width":"","height":""}],"twitter_card":"summary_large_image","twitter_misc":{"Dur\u00e9e de lecture estim\u00e9e":"2 minutes"},"schema":{"@context":"https:\/\/schema.org","@graph":[{"@type":"WebPage","@id":"https:\/\/cnas-assistance.com\/fr\/home-nursing-service\/","url":"https:\/\/cnas-assistance.com\/fr\/home-nursing-service\/","name":"Home Nursing Service - CNAS Assistance","isPartOf":{"@id":"https:\/\/cnas-assistance.com\/#website"},"primaryImageOfPage":{"@id":"https:\/\/cnas-assistance.com\/fr\/home-nursing-service\/#primaryimage"},"image":{"@id":"https:\/\/cnas-assistance.com\/fr\/home-nursing-service\/#primaryimage"},"thumbnailUrl":"https:\/\/cnas-assistance.com\/wp-content\/uploads\/2024\/08\/Medical-Assistance-CNAS-Assistance.jpg","datePublished":"2022-01-29T12:25:52+00:00","dateModified":"2024-10-03T14:21:00+00:00","description":"CNAS Assistance work with nursing practices in France. We can arrange home nursing care or home care assistants.","breadcrumb":{"@id":"https:\/\/cnas-assistance.com\/fr\/home-nursing-service\/#breadcrumb"},"inLanguage":"fr-FR","potentialAction":[{"@type":"ReadAction","target":["https:\/\/cnas-assistance.com\/fr\/home-nursing-service\/"]}]},{"@type":"ImageObject","inLanguage":"fr-FR","@id":"https:\/\/cnas-assistance.com\/fr\/home-nursing-service\/#primaryimage","url":"https:\/\/cnas-assistance.com\/wp-content\/uploads\/2024\/08\/Medical-Assistance-CNAS-Assistance.jpg","contentUrl":"https:\/\/cnas-assistance.com\/wp-content\/uploads\/2024\/08\/Medical-Assistance-CNAS-Assistance.jpg"},{"@type":"BreadcrumbList","@id":"https:\/\/cnas-assistance.com\/fr\/home-nursing-service\/#breadcrumb","itemListElement":[{"@type":"ListItem","position":1,"name":"Accueil","item":"https:\/\/cnas-assistance.com\/"},{"@type":"ListItem","position":2,"name":"Home Nursing Service"}]},{"@type":"WebSite","@id":"https:\/\/cnas-assistance.com\/#website","url":"https:\/\/cnas-assistance.com\/","name":"cnas-assistance.com","description":"Centralizing the needs of insurance &amp; assistance companies","publisher":{"@id":"https:\/\/cnas-assistance.com\/#organization"},"potentialAction":[{"@type":"SearchAction","target":{"@type":"EntryPoint","urlTemplate":"https:\/\/cnas-assistance.com\/?s={search_term_string}"},"query-input":{"@type":"PropertyValueSpecification","valueRequired":true,"valueName":"search_term_string"}}],"inLanguage":"fr-FR"},{"@type":"Organization","@id":"https:\/\/cnas-assistance.com\/#organization","name":"cnas-assistance.com","url":"https:\/\/cnas-assistance.com\/","logo":{"@type":"ImageObject","inLanguage":"fr-FR","@id":"https:\/\/cnas-assistance.com\/#\/schema\/logo\/image\/","url":"https:\/\/cnas-assistance.com\/wp-content\/uploads\/2024\/06\/LOGO-SANS-FOND-e1717678980514.png","contentUrl":"https:\/\/cnas-assistance.com\/wp-content\/uploads\/2024\/06\/LOGO-SANS-FOND-e1717678980514.png","width":1500,"height":1082,"caption":"cnas-assistance.com"},"image":{"@id":"https:\/\/cnas-assistance.com\/#\/schema\/logo\/image\/"},"sameAs":["https:\/\/www.linkedin.com\/company\/cnasassistance\/"]}]}},"_links":{"self":[{"href":"https:\/\/cnas-assistance.com\/fr\/wp-json\/wp\/v2\/pages\/56","targetHints":{"allow":["GET"]}}],"collection":[{"href":"https:\/\/cnas-assistance.com\/fr\/wp-json\/wp\/v2\/pages"}],"about":[{"href":"https:\/\/cnas-assistance.com\/fr\/wp-json\/wp\/v2\/types\/page"}],"author":[{"embeddable":true,"href":"https:\/\/cnas-assistance.com\/fr\/wp-json\/wp\/v2\/users\/1"}],"replies":[{"embeddable":true,"href":"https:\/\/cnas-assistance.com\/fr\/wp-json\/wp\/v2\/comments?post=56"}],"version-history":[{"count":3,"href":"https:\/\/cnas-assistance.com\/fr\/wp-json\/wp\/v2\/pages\/56\/revisions"}],"predecessor-version":[{"id":2250,"href":"https:\/\/cnas-assistance.com\/fr\/wp-json\/wp\/v2\/pages\/56\/revisions\/2250"}],"wp:attachment":[{"href":"https:\/\/cnas-assistance.com\/fr\/wp-json\/wp\/v2\/media?parent=56"}],"curies":[{"name":"wp","href":"https:\/\/api.w.org\/{rel}","templated":true}]}}