{"id":54,"date":"2022-01-29T12:26:05","date_gmt":"2022-01-29T12:26:05","guid":{"rendered":"http:\/\/fastwpdemo.com\/newwp\/ambons\/?page_id=54"},"modified":"2024-10-03T16:17:31","modified_gmt":"2024-10-03T14:17:31","slug":"technical-assistance","status":"publish","type":"page","link":"https:\/\/cnas-assistance.com\/fr\/technical-assistance\/","title":{"rendered":"Assistance technique"},"content":{"rendered":"<div data-elementor-type=\"wp-page\" data-elementor-id=\"54\" class=\"elementor elementor-54\">\n\t\t\t\t\t\t<section class=\"elementor-section elementor-top-section elementor-element elementor-element-40db587 elementor-section-full_width elementor-section-height-default elementor-section-height-default\" data-id=\"40db587\" data-element_type=\"section\" data-e-type=\"section\">\n\t\t\t\t\t\t<div class=\"elementor-container elementor-column-gap-default\">\n\t\t\t\t\t<div class=\"elementor-column elementor-col-100 elementor-top-column elementor-element elementor-element-c2033a1\" data-id=\"c2033a1\" data-element_type=\"column\" data-e-type=\"column\">\n\t\t\t<div class=\"elementor-widget-wrap\">\n\t\t\t\t\t\t\t<\/div>\n\t\t<\/div>\n\t\t\t\t\t<\/div>\n\t\t<\/section>\n\t\t\t\t<section class=\"elementor-section elementor-top-section elementor-element elementor-element-a5b2b9a elementor-section-full_width elementor-section-height-default elementor-section-height-default\" data-id=\"a5b2b9a\" data-element_type=\"section\" data-e-type=\"section\">\n\t\t\t\t\t\t<div class=\"elementor-container elementor-column-gap-default\">\n\t\t\t\t\t<div class=\"elementor-column elementor-col-100 elementor-top-column elementor-element elementor-element-3b9d3d2\" data-id=\"3b9d3d2\" data-element_type=\"column\" data-e-type=\"column\">\n\t\t\t<div class=\"elementor-widget-wrap elementor-element-populated\">\n\t\t\t\t\t\t<div class=\"elementor-element elementor-element-fa32ee8 elementor-widget elementor-widget-ambons_service_detail\" data-id=\"fa32ee8\" data-element_type=\"widget\" data-e-type=\"widget\" data-widget_type=\"ambons_service_detail.default\">\n\t\t\t\t<div class=\"elementor-widget-container\">\n\t\t\t\t\t  \t\n    <!--Start Service Details area -->\n    <section class=\"service-details-area\">\n        <div class=\"container\">\n            <div class=\"row\">\n\t\t\t\t                <!--Start Service Details Sidebar -->\n                <div class=\"col-xl-4 col-lg-5 order-box-2\">\n                    <div class=\"service-details__sidebar\">\n\t\t\t\t\t\t<div id=\"nav_menu-10\" class=\"service-widget widget_nav_menu\"><div class=\"menu-services-sidebar-menu-container\"><ul id=\"menu-services-sidebar-menu\" class=\"menu\"><li id=\"menu-item-967\" class=\"menu-item menu-item-type-post_type menu-item-object-page menu-item-967\"><a href=\"https:\/\/cnas-assistance.com\/fr\/taxi-service\/\">Service taxi<\/a><\/li>\n<li id=\"menu-item-968\" class=\"menu-item menu-item-type-post_type menu-item-object-page menu-item-968\"><a href=\"https:\/\/cnas-assistance.com\/fr\/hotel-service\/\">Service h\u00f4telier<\/a><\/li>\n<li id=\"menu-item-969\" class=\"menu-item menu-item-type-post_type menu-item-object-page menu-item-969\"><a href=\"https:\/\/cnas-assistance.com\/fr\/medical-assistance\/\">Assistance m\u00e9dicale<\/a><\/li>\n<li id=\"menu-item-970\" class=\"menu-item menu-item-type-post_type menu-item-object-page menu-item-970\"><a href=\"https:\/\/cnas-assistance.com\/fr\/home-nursing-service\/\">Service de soins infirmiers \u00e0 domicile<\/a><\/li>\n<li id=\"menu-item-1541\" class=\"menu-item menu-item-type-post_type menu-item-object-page menu-item-1541\"><a href=\"https:\/\/cnas-assistance.com\/fr\/technical-assistance\/\">Assistance technique<\/a><\/li>\n<li id=\"menu-item-1542\" class=\"menu-item menu-item-type-post_type menu-item-object-page menu-item-1542\"><a href=\"https:\/\/cnas-assistance.com\/fr\/ground-medical-transport\/\">Transport M\u00e9dical Terrestre<\/a><\/li>\n<\/ul><\/div><\/div><div id=\"ambons_need_help-2\" class=\"service-widget widget_ambons_need_help\">      \t\t\n\t\t\t<div class=\"service-details-contact-info\" data-aos=\"slide-up\" data-aos-easing=\"linear\" data-aos-duration=\"1000\">\n                <div class=\"sidebar-info-box-bg\" style=\"background-image: url(http:\/\/fastwpdemo.com\/newwp\/ambons\/wp-content\/uploads\/2022\/03\/sidebar-info-box-bg.jpg);\"><\/div>\n                <h3> Besoin d'aide ?<\/h3>                <p>Contactez-nous et vous serez en liaison avec un membre de l'\u00e9quipe bilingue, pour une assistance enti\u00e8rement personnalis\u00e9e \u00e0 la demande.<\/p>                <h2><a href=\"tel:+33 4 38 49 83 49\">+33 4 38 49 83 49<\/a><\/h2>            <\/div>\n                        \n        <\/div>                    <\/div>\n                <\/div>\n                <!--End Service Details Sidebar -->\n\t\t\t\t                \n                <!--Start Service Details Content -->\n                <div class=\"col-xl-8 col-lg-7 order-box-1\">\n                    <div class=\"service-details__content\">\n                        \t\t\t\t\t\n\t\t\t\t\t\t<div class=\"img-box1\">\n\t\t\t\t\t\t\t<img decoding=\"async\" src=\"https:\/\/cnas-assistance.com\/wp-content\/uploads\/2024\/08\/Technical-Assistance-CNAS.jpg\" alt=\"Awesome Image\" \/>\n\t\t\t\t\t\t<\/div>\t\t\t\t\t\t\n\t\t\t\t\t  \t\t\t\t\t\t\t\n                        \t\t\t\t\t\t<div class=\"text-box1\">\t\t\t\t\t\t\n\t\t\t\t\t\t\t<h2>Assistance technique<\/h2>\t\t\t\t\t\t\t<p>Pour l'assistance technique et les pannes, CNAS assure le d\u00e9pannage de diff\u00e9rents types de v\u00e9hicules sur le territoire fran\u00e7ais (France m\u00e9tropolitaine). <\/p>\n\n<p>Gr\u00e2ce \u00e0 son r\u00e9seau de remorquage tr\u00e8s dense (1 d\u00e9panneur tous les 20 kms), CNAS Assistance intervient rapidement sur le lieu de la panne.  <\/p>\n\n<p>Nos \u00e9quipes vous informent des suites \u00e0 donner : d\u00e9pannage sur place ou remorquage vers un garage ou un d\u00e9p\u00f4t. \t\t\t\t\t\t<\/div>\n\t\t\t\t\t\t\n                        <div class=\"text-box2\">\n                            <div class=\"row\">\n                                                                <div class=\"col-xl-6\">\n                                    <div class=\"text-box2-single\" data-aos=\"fade-right\" data-aos-easing=\"linear\"\n                                        data-aos-duration=\"2500\">\n                                        <h4>\n                                            <span class=\"icon-right-arrow\"><\/span> Localisation                                        <\/h4>\n                                        <p>France enti\u00e8re (Corse incluse)<\/p>\n                                    <\/div>\n                                <\/div>\n\t\t\t\t\t\t\t\t                                <div class=\"col-xl-6\">\n                                    <div class=\"text-box2-single\" data-aos=\"fade-left\" data-aos-easing=\"linear\"\n                                        data-aos-duration=\"2500\">\n                                        <h4>\n                                            <span class=\"icon-right-arrow\"><\/span> R\u00e9seau professionnel                                        <\/h4>\n                                        <p>1 remorquage tous les 20 km<\/p>\n                                    <\/div>\n                                <\/div>\n\t\t\t\t\t\t\t\t                            <\/div>\n                        <\/div>\n\n                                               <div class=\"text-box3\">\t\t\t\t\t\t\n\t\t\t\t\t\t\t<p>A la demande, CNAS Assistance peut : \n<p>- Avoir un contact technique avec le garage (diagnostic, devis....). \n<p>- Placer une garantie de paiement en votre nom pour les factures de remorquage et\/ou les frais de gardiennage ou toute autre question li\u00e9e au dossier. <\/p>\n\n<p>Si n\u00e9cessaire, CNAS Assistance peut \u00e9galement vous proposer des solutions d'assistance compl\u00e9mentaires : taxi, v\u00e9hicule de location, h\u00f4tel, traduction de documents (en fran\u00e7ais ou en anglais). <\/p><\/p>\t\t\t\t\t\t\t\n\t\t\t\t\t\t<\/div>\n                        \n                        <div class=\"text-box4\">\n                            <div class=\"row\">\n                                <div class=\"col-xl-6\">\n                                    <div class=\"content-box\">\n                                        <h2>Avantages du service<\/h2>                                        <p>CNAS Assistance intervient depuis 1986 et assure :<\/p>\t\t\t\t\t\t\t\t\t\t\t\t\t\t\t\t\t\t\t\t<ul>\n\t\t\t\t\t\t\t\t\t\t\t\t\t\t\t\t\t\t\t\t\t   \t<li><span class=\"icon-checked\"><\/span> R\u00e9ponse rapide<\/li>\n\t\t\t\t\t\t\t\t\t\t\t\t\t\t\t\t\t\t\t\t\t   \t<li><span class=\"icon-checked\"><\/span> Assistance voiture, camping-car, moto et camion <\/li>\n\t\t\t\t\t\t\t\t\t\t\t\t\t\t\t\t\t\t\t\t\t   \t<li><span class=\"icon-checked\"><\/span> Suivi de dossier <\/li>\n\t\t\t\t\t\t\t\t\t\t\t\t\t\t\t\t\t\t\t\t\t   \t<li><span class=\"icon-checked\"><\/span> Assistance bilingue<\/li>\n\t\t\t\t\t\t\t\t\t\t\t\t\t\t\t\t\t\t\t\t\t<\/ul>\n\t\t\t\t\t\t\t\t\t\t                                    <\/div>\n                                <\/div>\n\t\t\t\t\t\t\t\t                                <div class=\"col-xl-6\">\n                                    <div class=\"img-box\">\n                                        <img decoding=\"async\" src=\"https:\/\/cnas-assistance.com\/wp-content\/uploads\/2024\/08\/Technical-Assistance-CNAS-Assistance-e1723633253892.jpg\" alt=\"Awesome Image\" \/>\n                                    <\/div>\n                                <\/div>\n\t\t\t\t\t\t\t\t                            <\/div>\n                        <\/div>\n\n                        <div class=\"faq-style1__content\">\n                            <ul class=\"accordion-box\">\n                                                                <li class=\"accordion block active-block\">\n                                    <div class=\"acc-btn active\">\n                                        <div class=\"icon-outer\">\n                                            <i class=\"icon-down-arrow\"><\/i>\n                                        <\/div>\n                                        <h3>O\u00f9 le CNAS peut-il intervenir ?<\/h3>\n                                    <\/div>\n                                    <div class=\"acc-content current\">\n                                        <p>CNAS fournit des prestations d'assistance technique, d'assistance m\u00e9dicale et de soins infirmiers \u00e0 domicile sur toute la France.<\/p>\n                                    <\/div>\n                                <\/li>\n                                                                <li class=\"accordion block\">\n                                    <div class=\"acc-btn\">\n                                        <div class=\"icon-outer\">\n                                            <i class=\"icon-down-arrow\"><\/i>\n                                        <\/div>\n                                        <h3>Qui peut b\u00e9n\u00e9ficier de nos services ?<\/h3>\n                                    <\/div>\n                                    <div class=\"acc-content\">\n                                        <p>Nos clients sont les compagnies d\u2019assistance et d\u2019assurance, les avionneurs ou tout professionnel n\u00e9cessitant les services que nous proposons. \n\nNous ne travaillons pas directement avec les particuliers. Si vous \u00eates particuliers et que vous avez un besoin (ambulance, taxi, d\u00e9pannage, voiture de location...), merci de contacter directement votre assurance.<\/p>\n                                    <\/div>\n                                <\/li>\n                                                                <li class=\"accordion block\">\n                                    <div class=\"acc-btn\">\n                                        <div class=\"icon-outer\">\n                                            <i class=\"icon-down-arrow\"><\/i>\n                                        <\/div>\n                                        <h3> Quelles sont nos horaires d\u2019ouverture ?<\/h3>\n                                    <\/div>\n                                    <div class=\"acc-content\">\n                                        <p>Nous sommes ouverts 24h\/24 et 7j\/7 pour l'assistance technique.\nIl vous suffit de nous adresser un email \u00e0 cnas@cnas-assistance.com, en mentionnant les informations n\u00e9cessaires.\nNotre \u00e9quipe vous enverra une confirmation de r\u00e9ception dans les 15 minutes.<\/p>\n                                    <\/div>\n                                <\/li>\n                                                            <\/ul>\n                        <\/div>\n                    <\/div>\n                <\/div>\n                <!--End Service Details Content -->\n            <\/div>\n        <\/div>\n    <\/section>\n    <!--End Service Details area -->\n    \n    \t\t\t\t<\/div>\n\t\t\t\t<\/div>\n\t\t\t\t\t<\/div>\n\t\t<\/div>\n\t\t\t\t\t<\/div>\n\t\t<\/section>\n\t\t\t\t<\/div>","protected":false},"excerpt":{"rendered":"<p>Taxi Service Hotel Service Medical Assistance Home Nursing Service Technical Assistance Ground Medical Transport Need Help? Call our office and we will connect you with a bilingual team member for a fully tailored assistance on demand. +33 4 38 49 83 49 Download our Broucher Technical Assistance For technical assistance and breakdowns, CNAS will assist [&hellip;]<\/p>\n","protected":false},"author":1,"featured_media":0,"parent":0,"menu_order":0,"comment_status":"closed","ping_status":"closed","template":"tpl-default-elementor.php","meta":{"footnotes":""},"class_list":["post-54","page","type-page","status-publish","hentry"],"yoast_head":"<!-- This site is optimized with the Yoast SEO plugin v27.3 - https:\/\/yoast.com\/product\/yoast-seo-wordpress\/ -->\n<title>Technical Assistance - CNAS Assistance<\/title>\n<meta name=\"description\" content=\"For technical assistance and breakdowns, CNAS will assist your car, campervan or truck on the entire French territory (Corsica included).\" \/>\n<meta name=\"robots\" content=\"index, follow, max-snippet:-1, max-image-preview:large, max-video-preview:-1\" \/>\n<link rel=\"canonical\" href=\"https:\/\/cnas-assistance.com\/fr\/technical-assistance\/\" \/>\n<meta property=\"og:locale\" content=\"fr_FR\" \/>\n<meta property=\"og:type\" content=\"article\" \/>\n<meta property=\"og:title\" content=\"Technical Assistance - CNAS Assistance\" \/>\n<meta property=\"og:description\" content=\"For technical assistance and breakdowns, CNAS will assist your car, campervan or truck on the entire French territory (Corsica included).\" \/>\n<meta property=\"og:url\" content=\"https:\/\/cnas-assistance.com\/fr\/technical-assistance\/\" \/>\n<meta property=\"og:site_name\" content=\"CNAS Assistance\" \/>\n<meta property=\"article:modified_time\" content=\"2024-10-03T14:17:31+00:00\" \/>\n<meta property=\"og:image\" content=\"https:\/\/cnas-assistance.com\/wp-content\/uploads\/2024\/08\/Technical-Assistance-CNAS.jpg\" \/>\n<meta name=\"twitter:card\" content=\"summary_large_image\" \/>\n<meta name=\"twitter:label1\" content=\"Dur\u00e9e de lecture estim\u00e9e\" \/>\n\t<meta name=\"twitter:data1\" content=\"2 minutes\" \/>\n<script type=\"application\/ld+json\" class=\"yoast-schema-graph\">{\"@context\":\"https:\\\/\\\/schema.org\",\"@graph\":[{\"@type\":\"WebPage\",\"@id\":\"https:\\\/\\\/cnas-assistance.com\\\/technical-assistance\\\/\",\"url\":\"https:\\\/\\\/cnas-assistance.com\\\/technical-assistance\\\/\",\"name\":\"Technical Assistance - CNAS Assistance\",\"isPartOf\":{\"@id\":\"https:\\\/\\\/cnas-assistance.com\\\/#website\"},\"primaryImageOfPage\":{\"@id\":\"https:\\\/\\\/cnas-assistance.com\\\/technical-assistance\\\/#primaryimage\"},\"image\":{\"@id\":\"https:\\\/\\\/cnas-assistance.com\\\/technical-assistance\\\/#primaryimage\"},\"thumbnailUrl\":\"https:\\\/\\\/cnas-assistance.com\\\/wp-content\\\/uploads\\\/2024\\\/08\\\/Technical-Assistance-CNAS.jpg\",\"datePublished\":\"2022-01-29T12:26:05+00:00\",\"dateModified\":\"2024-10-03T14:17:31+00:00\",\"description\":\"For technical assistance and breakdowns, CNAS will assist your car, campervan or truck on the entire French territory (Corsica included).\",\"breadcrumb\":{\"@id\":\"https:\\\/\\\/cnas-assistance.com\\\/technical-assistance\\\/#breadcrumb\"},\"inLanguage\":\"fr-FR\",\"potentialAction\":[{\"@type\":\"ReadAction\",\"target\":[\"https:\\\/\\\/cnas-assistance.com\\\/technical-assistance\\\/\"]}]},{\"@type\":\"ImageObject\",\"inLanguage\":\"fr-FR\",\"@id\":\"https:\\\/\\\/cnas-assistance.com\\\/technical-assistance\\\/#primaryimage\",\"url\":\"https:\\\/\\\/cnas-assistance.com\\\/wp-content\\\/uploads\\\/2024\\\/08\\\/Technical-Assistance-CNAS.jpg\",\"contentUrl\":\"https:\\\/\\\/cnas-assistance.com\\\/wp-content\\\/uploads\\\/2024\\\/08\\\/Technical-Assistance-CNAS.jpg\"},{\"@type\":\"BreadcrumbList\",\"@id\":\"https:\\\/\\\/cnas-assistance.com\\\/technical-assistance\\\/#breadcrumb\",\"itemListElement\":[{\"@type\":\"ListItem\",\"position\":1,\"name\":\"Accueil\",\"item\":\"https:\\\/\\\/cnas-assistance.com\\\/\"},{\"@type\":\"ListItem\",\"position\":2,\"name\":\"Technical Assistance\"}]},{\"@type\":\"WebSite\",\"@id\":\"https:\\\/\\\/cnas-assistance.com\\\/#website\",\"url\":\"https:\\\/\\\/cnas-assistance.com\\\/\",\"name\":\"cnas-assistance.com\",\"description\":\"Centralizing the needs of insurance &amp; assistance companies\",\"publisher\":{\"@id\":\"https:\\\/\\\/cnas-assistance.com\\\/#organization\"},\"potentialAction\":[{\"@type\":\"SearchAction\",\"target\":{\"@type\":\"EntryPoint\",\"urlTemplate\":\"https:\\\/\\\/cnas-assistance.com\\\/?s={search_term_string}\"},\"query-input\":{\"@type\":\"PropertyValueSpecification\",\"valueRequired\":true,\"valueName\":\"search_term_string\"}}],\"inLanguage\":\"fr-FR\"},{\"@type\":\"Organization\",\"@id\":\"https:\\\/\\\/cnas-assistance.com\\\/#organization\",\"name\":\"cnas-assistance.com\",\"url\":\"https:\\\/\\\/cnas-assistance.com\\\/\",\"logo\":{\"@type\":\"ImageObject\",\"inLanguage\":\"fr-FR\",\"@id\":\"https:\\\/\\\/cnas-assistance.com\\\/#\\\/schema\\\/logo\\\/image\\\/\",\"url\":\"https:\\\/\\\/cnas-assistance.com\\\/wp-content\\\/uploads\\\/2024\\\/06\\\/LOGO-SANS-FOND-e1717678980514.png\",\"contentUrl\":\"https:\\\/\\\/cnas-assistance.com\\\/wp-content\\\/uploads\\\/2024\\\/06\\\/LOGO-SANS-FOND-e1717678980514.png\",\"width\":1500,\"height\":1082,\"caption\":\"cnas-assistance.com\"},\"image\":{\"@id\":\"https:\\\/\\\/cnas-assistance.com\\\/#\\\/schema\\\/logo\\\/image\\\/\"},\"sameAs\":[\"https:\\\/\\\/www.linkedin.com\\\/company\\\/cnasassistance\\\/\"]}]}<\/script>\n<!-- \/ Yoast SEO plugin. -->","yoast_head_json":{"title":"Technical Assistance - CNAS Assistance","description":"Pour l'assistance technique et les pannes, CNAS assure le d\u00e9pannage de diff\u00e9rents types de v\u00e9hicules sur le territoire fran\u00e7ais (France m\u00e9tropolitaine).","robots":{"index":"index","follow":"follow","max-snippet":"max-snippet:-1","max-image-preview":"max-image-preview:large","max-video-preview":"max-video-preview:-1"},"canonical":"https:\/\/cnas-assistance.com\/fr\/technical-assistance\/","og_locale":"fr_FR","og_type":"article","og_title":"Technical Assistance - CNAS Assistance","og_description":"For technical assistance and breakdowns, CNAS will assist your car, campervan or truck on the entire French territory (Corsica included).","og_url":"https:\/\/cnas-assistance.com\/fr\/technical-assistance\/","og_site_name":"CNAS Assistance","article_modified_time":"2024-10-03T14:17:31+00:00","og_image":[{"url":"https:\/\/cnas-assistance.com\/wp-content\/uploads\/2024\/08\/Technical-Assistance-CNAS.jpg","type":"","width":"","height":""}],"twitter_card":"summary_large_image","twitter_misc":{"Dur\u00e9e de lecture estim\u00e9e":"2 minutes"},"schema":{"@context":"https:\/\/schema.org","@graph":[{"@type":"WebPage","@id":"https:\/\/cnas-assistance.com\/technical-assistance\/","url":"https:\/\/cnas-assistance.com\/technical-assistance\/","name":"Technical Assistance - CNAS Assistance","isPartOf":{"@id":"https:\/\/cnas-assistance.com\/#website"},"primaryImageOfPage":{"@id":"https:\/\/cnas-assistance.com\/technical-assistance\/#primaryimage"},"image":{"@id":"https:\/\/cnas-assistance.com\/technical-assistance\/#primaryimage"},"thumbnailUrl":"https:\/\/cnas-assistance.com\/wp-content\/uploads\/2024\/08\/Technical-Assistance-CNAS.jpg","datePublished":"2022-01-29T12:26:05+00:00","dateModified":"2024-10-03T14:17:31+00:00","description":"Pour l'assistance technique et les pannes, CNAS assure le d\u00e9pannage de diff\u00e9rents types de v\u00e9hicules sur le territoire fran\u00e7ais (France m\u00e9tropolitaine).","breadcrumb":{"@id":"https:\/\/cnas-assistance.com\/technical-assistance\/#breadcrumb"},"inLanguage":"fr-FR","potentialAction":[{"@type":"ReadAction","target":["https:\/\/cnas-assistance.com\/technical-assistance\/"]}]},{"@type":"ImageObject","inLanguage":"fr-FR","@id":"https:\/\/cnas-assistance.com\/technical-assistance\/#primaryimage","url":"https:\/\/cnas-assistance.com\/wp-content\/uploads\/2024\/08\/Technical-Assistance-CNAS.jpg","contentUrl":"https:\/\/cnas-assistance.com\/wp-content\/uploads\/2024\/08\/Technical-Assistance-CNAS.jpg"},{"@type":"BreadcrumbList","@id":"https:\/\/cnas-assistance.com\/technical-assistance\/#breadcrumb","itemListElement":[{"@type":"ListItem","position":1,"name":"Accueil","item":"https:\/\/cnas-assistance.com\/"},{"@type":"ListItem","position":2,"name":"Technical Assistance"}]},{"@type":"WebSite","@id":"https:\/\/cnas-assistance.com\/#website","url":"https:\/\/cnas-assistance.com\/","name":"cnas-assistance.com","description":"Centralizing the needs of insurance &amp; assistance companies","publisher":{"@id":"https:\/\/cnas-assistance.com\/#organization"},"potentialAction":[{"@type":"SearchAction","target":{"@type":"EntryPoint","urlTemplate":"https:\/\/cnas-assistance.com\/?s={search_term_string}"},"query-input":{"@type":"PropertyValueSpecification","valueRequired":true,"valueName":"search_term_string"}}],"inLanguage":"fr-FR"},{"@type":"Organization","@id":"https:\/\/cnas-assistance.com\/#organization","name":"cnas-assistance.com","url":"https:\/\/cnas-assistance.com\/","logo":{"@type":"ImageObject","inLanguage":"fr-FR","@id":"https:\/\/cnas-assistance.com\/#\/schema\/logo\/image\/","url":"https:\/\/cnas-assistance.com\/wp-content\/uploads\/2024\/06\/LOGO-SANS-FOND-e1717678980514.png","contentUrl":"https:\/\/cnas-assistance.com\/wp-content\/uploads\/2024\/06\/LOGO-SANS-FOND-e1717678980514.png","width":1500,"height":1082,"caption":"cnas-assistance.com"},"image":{"@id":"https:\/\/cnas-assistance.com\/#\/schema\/logo\/image\/"},"sameAs":["https:\/\/www.linkedin.com\/company\/cnasassistance\/"]}]}},"_links":{"self":[{"href":"https:\/\/cnas-assistance.com\/fr\/wp-json\/wp\/v2\/pages\/54","targetHints":{"allow":["GET"]}}],"collection":[{"href":"https:\/\/cnas-assistance.com\/fr\/wp-json\/wp\/v2\/pages"}],"about":[{"href":"https:\/\/cnas-assistance.com\/fr\/wp-json\/wp\/v2\/types\/page"}],"author":[{"embeddable":true,"href":"https:\/\/cnas-assistance.com\/fr\/wp-json\/wp\/v2\/users\/1"}],"replies":[{"embeddable":true,"href":"https:\/\/cnas-assistance.com\/fr\/wp-json\/wp\/v2\/comments?post=54"}],"version-history":[{"count":3,"href":"https:\/\/cnas-assistance.com\/fr\/wp-json\/wp\/v2\/pages\/54\/revisions"}],"predecessor-version":[{"id":2271,"href":"https:\/\/cnas-assistance.com\/fr\/wp-json\/wp\/v2\/pages\/54\/revisions\/2271"}],"wp:attachment":[{"href":"https:\/\/cnas-assistance.com\/fr\/wp-json\/wp\/v2\/media?parent=54"}],"curies":[{"name":"wp","href":"https:\/\/api.w.org\/{rel}","templated":true}]}}