{"id":32,"date":"2022-01-29T12:24:51","date_gmt":"2022-01-29T12:24:51","guid":{"rendered":"http:\/\/fastwpdemo.com\/newwp\/ambons\/?page_id=32"},"modified":"2024-09-02T16:20:48","modified_gmt":"2024-09-02T14:20:48","slug":"view-all-services","status":"publish","type":"page","link":"https:\/\/cnas-assistance.com\/fr\/view-all-services\/","title":{"rendered":"Voir tous nos services"},"content":{"rendered":"<div data-elementor-type=\"wp-page\" data-elementor-id=\"32\" class=\"elementor elementor-32\">\n\t\t\t\t\t\t<section class=\"elementor-section elementor-top-section elementor-element elementor-element-d202927 elementor-section-full_width elementor-section-height-default elementor-section-height-default\" data-id=\"d202927\" data-element_type=\"section\" data-e-type=\"section\">\n\t\t\t\t\t\t<div class=\"elementor-container elementor-column-gap-default\">\n\t\t\t\t\t<div class=\"elementor-column elementor-col-100 elementor-top-column elementor-element elementor-element-fc873e9\" data-id=\"fc873e9\" data-element_type=\"column\" data-e-type=\"column\">\n\t\t\t<div class=\"elementor-widget-wrap elementor-element-populated\">\n\t\t\t\t\t\t<div class=\"elementor-element elementor-element-25ff001 elementor-widget elementor-widget-ambons_all_services\" data-id=\"25ff001\" data-element_type=\"widget\" data-e-type=\"widget\" data-widget_type=\"ambons_all_services.default\">\n\t\t\t\t<div class=\"elementor-widget-container\">\n\t\t\t\t\t        \n       \t<!--Start Service page-->\n        <section class=\"service-page\">\n            <div class=\"container\">\n                <div class=\"row\">\n                                       <!--Start Single Service Style1-->\n                    <div class=\"col-xl-4 col-lg-4 col-md-6\">\n                        <div class=\"single-service-style1 wow fadeInUp\" data-wow-delay=\"100ms\" data-wow-duration=\"1500ms\">\n                                                        <div class=\"img-holder\">\n                                <img fetchpriority=\"high\" decoding=\"async\" width=\"370\" height=\"315\" src=\"https:\/\/cnas-assistance.com\/wp-content\/uploads\/2024\/08\/Medical-Assistance-CNAS-Assitance-370x315.jpg\" class=\"attachment-ambons_370x315 size-ambons_370x315 wp-post-image\" alt=\"\" \/>                            <\/div>\n                                                        \n                            <div class=\"text-holder\">                            \n                                <h3><a href=\"https:\/\/cnas-assistance.com\/fr\/?page_id=55\">Assistance m\u00e9dicale<\/a><\/h3>\n                                <p>Nous prenons vos rendez-vous m\u00e9dicaux (m\u00e9decin g\u00e9n\u00e9raliste, t\u00e9l\u00e9m\u00e9decine, gyn\u00e9cologue, kin\u00e9, dentiste...) ou organisons vos visites \u00e0 domicile en France.<\/p>\n                                <div class=\"btn-box\">\n                                \t<a href=\"https:\/\/cnas-assistance.com\/fr\/?page_id=55\">Lire plus<span class=\"icon-right-arrow\"><\/span><\/a>\n                                <\/div>\n                            <\/div>\n                        <\/div>\n                    <\/div>\n                    <!--End Single Service Style1-->\n                                        <!--Start Single Service Style1-->\n                    <div class=\"col-xl-4 col-lg-4 col-md-6\">\n                        <div class=\"single-service-style1 wow fadeInUp\" data-wow-delay=\"100ms\" data-wow-duration=\"1500ms\">\n                                                        <div class=\"img-holder\">\n                                <img decoding=\"async\" width=\"370\" height=\"315\" src=\"https:\/\/cnas-assistance.com\/wp-content\/uploads\/2024\/08\/Ground-medical-service-CNAS-Assistance-370x315.jpg\" class=\"attachment-ambons_370x315 size-ambons_370x315 wp-post-image\" alt=\"\" \/>                            <\/div>\n                                                        \n                            <div class=\"text-holder\">                            \n                                <h3><a href=\"https:\/\/cnas-assistance.com\/fr\/?page_id=57\">Transport M\u00e9dical Terrestre<\/a><\/h3>\n                                <p>Sp\u00e9cialis\u00e9 dans le transport sanitaire, nous organisons le transport et le rapatriement de vos assur\u00e9s malades ou bless\u00e9s.<\/p>\n                                <div class=\"btn-box\">\n                                \t<a href=\"https:\/\/cnas-assistance.com\/fr\/?page_id=57\">Lire plus<span class=\"icon-right-arrow\"><\/span><\/a>\n                                <\/div>\n                            <\/div>\n                        <\/div>\n                    <\/div>\n                    <!--End Single Service Style1-->\n                                        <!--Start Single Service Style1-->\n                    <div class=\"col-xl-4 col-lg-4 col-md-6\">\n                        <div class=\"single-service-style1 wow fadeInUp\" data-wow-delay=\"100ms\" data-wow-duration=\"1500ms\">\n                                                        <div class=\"img-holder\">\n                                <img decoding=\"async\" width=\"370\" height=\"315\" src=\"https:\/\/cnas-assistance.com\/wp-content\/uploads\/2024\/08\/Technical-Assistance-CNAS-Assistance-e1723633253892-370x315.jpg\" class=\"attachment-ambons_370x315 size-ambons_370x315 wp-post-image\" alt=\"\" srcset=\"https:\/\/cnas-assistance.com\/wp-content\/uploads\/2024\/08\/Technical-Assistance-CNAS-Assistance-e1723633253892-370x315.jpg 370w, https:\/\/cnas-assistance.com\/wp-content\/uploads\/2024\/08\/Technical-Assistance-CNAS-Assistance-e1723633253892-300x255.jpg 300w, https:\/\/cnas-assistance.com\/wp-content\/uploads\/2024\/08\/Technical-Assistance-CNAS-Assistance-e1723633253892-768x652.jpg 768w, https:\/\/cnas-assistance.com\/wp-content\/uploads\/2024\/08\/Technical-Assistance-CNAS-Assistance-e1723633253892.jpg 1000w\" sizes=\"(max-width: 370px) 100vw, 370px\" \/>                            <\/div>\n                                                        \n                            <div class=\"text-holder\">                            \n                                <h3><a href=\"https:\/\/cnas-assistance.com\/fr\/?page_id=54\">Assistance technique<\/a><\/h3>\n                                <p>Pour l'assistance technique et les pannes, CNAS assure le d\u00e9pannage de diff\u00e9rents types de v\u00e9hicules sur le territoire fran\u00e7ais (France m\u00e9tropolitaine).<\/p>\n                                <div class=\"btn-box\">\n                                \t<a href=\"https:\/\/cnas-assistance.com\/fr\/?page_id=54\">Lire plus<span class=\"icon-right-arrow\"><\/span><\/a>\n                                <\/div>\n                            <\/div>\n                        <\/div>\n                    <\/div>\n                    <!--End Single Service Style1-->\n                                        <!--Start Single Service Style1-->\n                    <div class=\"col-xl-4 col-lg-4 col-md-6\">\n                        <div class=\"single-service-style1 wow fadeInUp\" data-wow-delay=\"100ms\" data-wow-duration=\"1500ms\">\n                                                        <div class=\"img-holder\">\n                                <img loading=\"lazy\" decoding=\"async\" width=\"370\" height=\"315\" src=\"https:\/\/cnas-assistance.com\/wp-content\/uploads\/2024\/08\/Hotel-service-370x315.jpg\" class=\"attachment-ambons_370x315 size-ambons_370x315 wp-post-image\" alt=\"\" \/>                            <\/div>\n                                                        \n                            <div class=\"text-holder\">                            \n                                <h3><a href=\"https:\/\/cnas-assistance.com\/fr\/?page_id=53\">Service h\u00f4telier<\/a><\/h3>\n                                <p>Pour vos patients, vos assur\u00e9s, vos \u00e9quipes m\u00e9dicales\u2026 Notre \u00e9quipe est \u00e0 votre service pour vos r\u00e9servations d\u2019h\u00f4tels en France.<\/p>\n                                <div class=\"btn-box\">\n                                \t<a href=\"https:\/\/cnas-assistance.com\/fr\/?page_id=53\">Lire plus<span class=\"icon-right-arrow\"><\/span><\/a>\n                                <\/div>\n                            <\/div>\n                        <\/div>\n                    <\/div>\n                    <!--End Single Service Style1-->\n                                        <!--Start Single Service Style1-->\n                    <div class=\"col-xl-4 col-lg-4 col-md-6\">\n                        <div class=\"single-service-style1 wow fadeInUp\" data-wow-delay=\"100ms\" data-wow-duration=\"1500ms\">\n                                                        <div class=\"img-holder\">\n                                <img loading=\"lazy\" decoding=\"async\" width=\"370\" height=\"315\" src=\"https:\/\/cnas-assistance.com\/wp-content\/uploads\/2024\/08\/Taxis-CNAS-Assistance-370x315.jpg\" class=\"attachment-ambons_370x315 size-ambons_370x315 wp-post-image\" alt=\"\" \/>                            <\/div>\n                                                        \n                            <div class=\"text-holder\">                            \n                                <h3><a href=\"https:\/\/cnas-assistance.com\/fr\/?page_id=52\">Service taxi<\/a><\/h3>\n                                <p>Nous pouvons r\u00e9server et r\u00e9gler vos transports en taxi : longue ou courte distance, vers l\u2019a\u00e9roport, la gare, l\u2019h\u00f4tel, au domicile\u2026<\/p>\n                                <div class=\"btn-box\">\n                                \t<a href=\"https:\/\/cnas-assistance.com\/fr\/?page_id=52\">Lire plus<span class=\"icon-right-arrow\"><\/span><\/a>\n                                <\/div>\n                            <\/div>\n                        <\/div>\n                    <\/div>\n                    <!--End Single Service Style1-->\n                                        <!--Start Single Service Style1-->\n                    <div class=\"col-xl-4 col-lg-4 col-md-6\">\n                        <div class=\"single-service-style1 wow fadeInUp\" data-wow-delay=\"100ms\" data-wow-duration=\"1500ms\">\n                                                        <div class=\"img-holder\">\n                                <img loading=\"lazy\" decoding=\"async\" width=\"370\" height=\"315\" src=\"https:\/\/cnas-assistance.com\/wp-content\/uploads\/2024\/08\/Medical-Assistance-CNAS-Assistance-370x315.jpg\" class=\"attachment-ambons_370x315 size-ambons_370x315 wp-post-image\" alt=\"\" \/>                            <\/div>\n                                                        \n                            <div class=\"text-holder\">                            \n                                <h3><a href=\"https:\/\/cnas-assistance.com\/fr\/?page_id=56\">Service de soins infirmiers \u00e0 domicile<\/a><\/h3>\n                                <p>We offer a nursing service in which nurses visit your patient (in hotels, vacation homes or at home) to provide ...<\/p>\n                                <div class=\"btn-box\">\n                                \t<a href=\"https:\/\/cnas-assistance.com\/fr\/?page_id=56\">Lire plus<span class=\"icon-right-arrow\"><\/span><\/a>\n                                <\/div>\n                            <\/div>\n                        <\/div>\n                    <\/div>\n                    <!--End Single Service Style1-->\n                                    <\/div>\n            <\/div>\n        <\/section>\n        <!--Start Service page-->\n\t\t\t\t\t\t<\/div>\n\t\t\t\t<\/div>\n\t\t\t\t\t<\/div>\n\t\t<\/div>\n\t\t\t\t\t<\/div>\n\t\t<\/section>\n\t\t\t\t<\/div>","protected":false},"excerpt":{"rendered":"<p>Ambulance Car Lorem ipsum is simply dolor sit am adipi we help you ensure everyone. Read More Medical Flight Services Lorem ipsum is simply dolor sit am adipi we help you ensure everyone. Read More Medical Escort Lorem ipsum is simply dolor sit am adipi we help you ensure everyone. Read More<\/p>","protected":false},"author":1,"featured_media":0,"parent":0,"menu_order":0,"comment_status":"closed","ping_status":"closed","template":"tpl-default-elementor.php","meta":{"footnotes":""},"class_list":["post-32","page","type-page","status-publish","hentry"],"yoast_head":"<!-- This site is optimized with the Yoast SEO plugin v27.4 - https:\/\/yoast.com\/product\/yoast-seo-wordpress\/ -->\n<title>View All Services - CNAS Assistance<\/title>\n<meta name=\"robots\" content=\"index, follow, max-snippet:-1, max-image-preview:large, max-video-preview:-1\" \/>\n<link rel=\"canonical\" href=\"https:\/\/cnas-assistance.com\/fr\/view-all-services\/\" \/>\n<meta property=\"og:locale\" content=\"fr_FR\" \/>\n<meta property=\"og:type\" content=\"article\" \/>\n<meta property=\"og:title\" content=\"View All Services - CNAS Assistance\" \/>\n<meta property=\"og:description\" content=\"Ambulance Car Lorem ipsum is simply dolor sit am adipi we help you ensure everyone. Read More Medical Flight Services Lorem ipsum is simply dolor sit am adipi we help you ensure everyone. Read More Medical Escort Lorem ipsum is simply dolor sit am adipi we help you ensure everyone. Read More\" \/>\n<meta property=\"og:url\" content=\"https:\/\/cnas-assistance.com\/fr\/view-all-services\/\" \/>\n<meta property=\"og:site_name\" content=\"CNAS Assistance\" \/>\n<meta property=\"article:modified_time\" content=\"2024-09-02T14:20:48+00:00\" \/>\n<meta property=\"og:image\" content=\"http:\/\/fastwpdemo.com\/newwp\/ambons\/wp-content\/uploads\/2022\/02\/service-v1-1.jpg\" \/>\n<meta name=\"twitter:card\" content=\"summary_large_image\" \/>\n<meta name=\"twitter:label1\" content=\"Dur\u00e9e de lecture estim\u00e9e\" \/>\n\t<meta name=\"twitter:data1\" content=\"1 minute\" \/>\n<script type=\"application\/ld+json\" class=\"yoast-schema-graph\">{\"@context\":\"https:\\\/\\\/schema.org\",\"@graph\":[{\"@type\":\"WebPage\",\"@id\":\"https:\\\/\\\/cnas-assistance.com\\\/view-all-services\\\/\",\"url\":\"https:\\\/\\\/cnas-assistance.com\\\/view-all-services\\\/\",\"name\":\"View All Services - CNAS Assistance\",\"isPartOf\":{\"@id\":\"https:\\\/\\\/cnas-assistance.com\\\/#website\"},\"primaryImageOfPage\":{\"@id\":\"https:\\\/\\\/cnas-assistance.com\\\/view-all-services\\\/#primaryimage\"},\"image\":{\"@id\":\"https:\\\/\\\/cnas-assistance.com\\\/view-all-services\\\/#primaryimage\"},\"thumbnailUrl\":\"http:\\\/\\\/fastwpdemo.com\\\/newwp\\\/ambons\\\/wp-content\\\/uploads\\\/2022\\\/02\\\/service-v1-1.jpg\",\"datePublished\":\"2022-01-29T12:24:51+00:00\",\"dateModified\":\"2024-09-02T14:20:48+00:00\",\"breadcrumb\":{\"@id\":\"https:\\\/\\\/cnas-assistance.com\\\/view-all-services\\\/#breadcrumb\"},\"inLanguage\":\"fr-FR\",\"potentialAction\":[{\"@type\":\"ReadAction\",\"target\":[\"https:\\\/\\\/cnas-assistance.com\\\/view-all-services\\\/\"]}]},{\"@type\":\"ImageObject\",\"inLanguage\":\"fr-FR\",\"@id\":\"https:\\\/\\\/cnas-assistance.com\\\/view-all-services\\\/#primaryimage\",\"url\":\"http:\\\/\\\/fastwpdemo.com\\\/newwp\\\/ambons\\\/wp-content\\\/uploads\\\/2022\\\/02\\\/service-v1-1.jpg\",\"contentUrl\":\"http:\\\/\\\/fastwpdemo.com\\\/newwp\\\/ambons\\\/wp-content\\\/uploads\\\/2022\\\/02\\\/service-v1-1.jpg\"},{\"@type\":\"BreadcrumbList\",\"@id\":\"https:\\\/\\\/cnas-assistance.com\\\/view-all-services\\\/#breadcrumb\",\"itemListElement\":[{\"@type\":\"ListItem\",\"position\":1,\"name\":\"Accueil\",\"item\":\"https:\\\/\\\/cnas-assistance.com\\\/\"},{\"@type\":\"ListItem\",\"position\":2,\"name\":\"View All Services\"}]},{\"@type\":\"WebSite\",\"@id\":\"https:\\\/\\\/cnas-assistance.com\\\/#website\",\"url\":\"https:\\\/\\\/cnas-assistance.com\\\/\",\"name\":\"cnas-assistance.com\",\"description\":\"Centralizing the needs of insurance &amp; assistance companies\",\"publisher\":{\"@id\":\"https:\\\/\\\/cnas-assistance.com\\\/#organization\"},\"potentialAction\":[{\"@type\":\"SearchAction\",\"target\":{\"@type\":\"EntryPoint\",\"urlTemplate\":\"https:\\\/\\\/cnas-assistance.com\\\/?s={search_term_string}\"},\"query-input\":{\"@type\":\"PropertyValueSpecification\",\"valueRequired\":true,\"valueName\":\"search_term_string\"}}],\"inLanguage\":\"fr-FR\"},{\"@type\":\"Organization\",\"@id\":\"https:\\\/\\\/cnas-assistance.com\\\/#organization\",\"name\":\"cnas-assistance.com\",\"url\":\"https:\\\/\\\/cnas-assistance.com\\\/\",\"logo\":{\"@type\":\"ImageObject\",\"inLanguage\":\"fr-FR\",\"@id\":\"https:\\\/\\\/cnas-assistance.com\\\/#\\\/schema\\\/logo\\\/image\\\/\",\"url\":\"https:\\\/\\\/cnas-assistance.com\\\/wp-content\\\/uploads\\\/2024\\\/06\\\/LOGO-SANS-FOND-e1717678980514.png\",\"contentUrl\":\"https:\\\/\\\/cnas-assistance.com\\\/wp-content\\\/uploads\\\/2024\\\/06\\\/LOGO-SANS-FOND-e1717678980514.png\",\"width\":1500,\"height\":1082,\"caption\":\"cnas-assistance.com\"},\"image\":{\"@id\":\"https:\\\/\\\/cnas-assistance.com\\\/#\\\/schema\\\/logo\\\/image\\\/\"},\"sameAs\":[\"https:\\\/\\\/www.linkedin.com\\\/company\\\/cnasassistance\\\/\"]}]}<\/script>\n<!-- \/ Yoast SEO plugin. -->","yoast_head_json":{"title":"View All Services - CNAS Assistance","robots":{"index":"index","follow":"follow","max-snippet":"max-snippet:-1","max-image-preview":"max-image-preview:large","max-video-preview":"max-video-preview:-1"},"canonical":"https:\/\/cnas-assistance.com\/fr\/view-all-services\/","og_locale":"fr_FR","og_type":"article","og_title":"View All Services - CNAS Assistance","og_description":"Ambulance Car Lorem ipsum is simply dolor sit am adipi we help you ensure everyone. Read More Medical Flight Services Lorem ipsum is simply dolor sit am adipi we help you ensure everyone. Read More Medical Escort Lorem ipsum is simply dolor sit am adipi we help you ensure everyone. Read More","og_url":"https:\/\/cnas-assistance.com\/fr\/view-all-services\/","og_site_name":"CNAS Assistance","article_modified_time":"2024-09-02T14:20:48+00:00","og_image":[{"url":"http:\/\/fastwpdemo.com\/newwp\/ambons\/wp-content\/uploads\/2022\/02\/service-v1-1.jpg","type":"","width":"","height":""}],"twitter_card":"summary_large_image","twitter_misc":{"Dur\u00e9e de lecture estim\u00e9e":"1 minute"},"schema":{"@context":"https:\/\/schema.org","@graph":[{"@type":"WebPage","@id":"https:\/\/cnas-assistance.com\/view-all-services\/","url":"https:\/\/cnas-assistance.com\/view-all-services\/","name":"View All Services - CNAS Assistance","isPartOf":{"@id":"https:\/\/cnas-assistance.com\/#website"},"primaryImageOfPage":{"@id":"https:\/\/cnas-assistance.com\/view-all-services\/#primaryimage"},"image":{"@id":"https:\/\/cnas-assistance.com\/view-all-services\/#primaryimage"},"thumbnailUrl":"http:\/\/fastwpdemo.com\/newwp\/ambons\/wp-content\/uploads\/2022\/02\/service-v1-1.jpg","datePublished":"2022-01-29T12:24:51+00:00","dateModified":"2024-09-02T14:20:48+00:00","breadcrumb":{"@id":"https:\/\/cnas-assistance.com\/view-all-services\/#breadcrumb"},"inLanguage":"fr-FR","potentialAction":[{"@type":"ReadAction","target":["https:\/\/cnas-assistance.com\/view-all-services\/"]}]},{"@type":"ImageObject","inLanguage":"fr-FR","@id":"https:\/\/cnas-assistance.com\/view-all-services\/#primaryimage","url":"http:\/\/fastwpdemo.com\/newwp\/ambons\/wp-content\/uploads\/2022\/02\/service-v1-1.jpg","contentUrl":"http:\/\/fastwpdemo.com\/newwp\/ambons\/wp-content\/uploads\/2022\/02\/service-v1-1.jpg"},{"@type":"BreadcrumbList","@id":"https:\/\/cnas-assistance.com\/view-all-services\/#breadcrumb","itemListElement":[{"@type":"ListItem","position":1,"name":"Accueil","item":"https:\/\/cnas-assistance.com\/"},{"@type":"ListItem","position":2,"name":"View All Services"}]},{"@type":"WebSite","@id":"https:\/\/cnas-assistance.com\/#website","url":"https:\/\/cnas-assistance.com\/","name":"cnas-assistance.com","description":"Centralizing the needs of insurance &amp; assistance companies","publisher":{"@id":"https:\/\/cnas-assistance.com\/#organization"},"potentialAction":[{"@type":"SearchAction","target":{"@type":"EntryPoint","urlTemplate":"https:\/\/cnas-assistance.com\/?s={search_term_string}"},"query-input":{"@type":"PropertyValueSpecification","valueRequired":true,"valueName":"search_term_string"}}],"inLanguage":"fr-FR"},{"@type":"Organization","@id":"https:\/\/cnas-assistance.com\/#organization","name":"cnas-assistance.com","url":"https:\/\/cnas-assistance.com\/","logo":{"@type":"ImageObject","inLanguage":"fr-FR","@id":"https:\/\/cnas-assistance.com\/#\/schema\/logo\/image\/","url":"https:\/\/cnas-assistance.com\/wp-content\/uploads\/2024\/06\/LOGO-SANS-FOND-e1717678980514.png","contentUrl":"https:\/\/cnas-assistance.com\/wp-content\/uploads\/2024\/06\/LOGO-SANS-FOND-e1717678980514.png","width":1500,"height":1082,"caption":"cnas-assistance.com"},"image":{"@id":"https:\/\/cnas-assistance.com\/#\/schema\/logo\/image\/"},"sameAs":["https:\/\/www.linkedin.com\/company\/cnasassistance\/"]}]}},"_links":{"self":[{"href":"https:\/\/cnas-assistance.com\/fr\/wp-json\/wp\/v2\/pages\/32","targetHints":{"allow":["GET"]}}],"collection":[{"href":"https:\/\/cnas-assistance.com\/fr\/wp-json\/wp\/v2\/pages"}],"about":[{"href":"https:\/\/cnas-assistance.com\/fr\/wp-json\/wp\/v2\/types\/page"}],"author":[{"embeddable":true,"href":"https:\/\/cnas-assistance.com\/fr\/wp-json\/wp\/v2\/users\/1"}],"replies":[{"embeddable":true,"href":"https:\/\/cnas-assistance.com\/fr\/wp-json\/wp\/v2\/comments?post=32"}],"version-history":[{"count":1,"href":"https:\/\/cnas-assistance.com\/fr\/wp-json\/wp\/v2\/pages\/32\/revisions"}],"predecessor-version":[{"id":2080,"href":"https:\/\/cnas-assistance.com\/fr\/wp-json\/wp\/v2\/pages\/32\/revisions\/2080"}],"wp:attachment":[{"href":"https:\/\/cnas-assistance.com\/fr\/wp-json\/wp\/v2\/media?parent=32"}],"curies":[{"name":"wp","href":"https:\/\/api.w.org\/{rel}","templated":true}]}}