{"id":2280,"date":"2024-08-29T14:57:48","date_gmt":"2024-08-29T12:57:48","guid":{"rendered":"https:\/\/test.cnas-assistance.com\/?page_id=2280"},"modified":"2024-08-29T15:05:22","modified_gmt":"2024-08-29T13:05:22","slug":"mentions-legales","status":"publish","type":"page","link":"https:\/\/cnas-assistance.com\/fr\/mentions-legales\/","title":{"rendered":"Mentions l\u00e9gales"},"content":{"rendered":"<p>Conform\u00e9ment aux dispositions des Articles 6-III et 19 de la Loi n\u00b02004-575 du 21 juin 2004 pour la Confiance dans l\u2019\u00e9conomie num\u00e9rique, dite L.C.E.N., il est port\u00e9 \u00e0 la connaissance des utilisateurs et visiteurs, ci-apr\u00e8s l&#8217;\u00ab Utilisateur\u00a0\u00bb, du site http:\/\/www.cnas-assistance.com\/ , ci-apr\u00e8s le \u00ab\u00a0Site\u00a0\u00bb, les pr\u00e9sentes mentions l\u00e9gales.<\/p>\n\n\n\n<p>La connexion et la navigation sur le Site par l\u2019Utilisateur implique acceptation int\u00e9grale et sans r\u00e9serve des pr\u00e9sentes mentions l\u00e9gales.<\/p>\n\n\n\n<p>Ces derni\u00e8res sont accessibles sur le Site \u00e0 la rubrique \u00ab Mentions l\u00e9gales \u00bb.<\/p>\n\n\n\n<h2 class=\"wp-block-heading\">ARTICLE 1 \u2013 L\u2019EDITEUR<\/h2>\n\n\n\n<p>L\u2019e\u0301dition et la direction de la publication du Site est assure\u0301e par :<br>L\u00e9a Raffort-Candel (Directrice CNAS Assistance),<br>domicilie\u0301e au 80 Rue des Alli\u00e9s, 38100 Grenoble, <br>dont le nume\u0301ro de te\u0301le\u0301phone est +33 4 38 49 83 49,<br>et l\u2019adresse e-mail est cnas@cnas-assistance.com<br>ci-apre\u0300s l&#8217; \u00ab \u00c9diteur \u00bb.<\/p>\n\n\n\n<h2 class=\"wp-block-heading\">ARTICLE 2 \u2013 L\u2019H\u00c9BERGEUR<\/h2>\n\n\n\n<p>L\u2019h\u00e9bergeur du Site est la soci\u00e9t\u00e9 PHPNET France &#8211; Nuxit Groupe Magic Online, dont le si\u00e8ge social est situ\u00e9 au 97 &#8211; 97 Bis rue G\u00e9n\u00e9ral Mangin \u00e0 38100 Grenoble, avec le num\u00e9ro de t\u00e9l\u00e9phone : +33(0)4 86 57 60 00 et adresse mail : commercial@nuxit.com<\/p>\n\n\n\n<h2 class=\"wp-block-heading\">ARTICLE 3 \u2013 ACC\u00c8S AU SITE<\/h2>\n\n\n\n<p>Le Site est accessible en tout endroit, 7j\/7, 24h\/24 sauf cas de force majeure, interruption programm\u00e9e ou non et pouvant d\u00e9coulant d\u2019une n\u00e9cessit\u00e9 de maintenance.<\/p>\n\n\n\n<p>En cas de modification, interruption ou suspension du Site, l\u2019\u00c9diteur ne saurait \u00eatre tenu responsable.<\/p>\n\n\n\n<h2 class=\"wp-block-heading\">ARTICLE 4 \u2013 COLLECTE DES DONN\u00c9ES<\/h2>\n\n\n\n<p>Le Site assure \u00e0 l\u2019Utilisateur une collecte et un traitement d\u2019informations personnelles dans le respect de la vie priv\u00e9e conform\u00e9ment \u00e0 la loi n\u00b078-17 du 6 janvier 1978 relative \u00e0 l\u2019informatique, aux fichiers et aux libert\u00e9s.<\/p>\n\n\n\n<p>En vertu de la loi Informatique et Libert\u00e9s, en date du 6 janvier 1978, l\u2019Utilisateur dispose d\u2019un droit d\u2019acc\u00e8s, de rectification, de suppression et d\u2019opposition de ses donn\u00e9es personnelles. L\u2019Utilisateur exerce ce droit :<\/p>\n\n\n\n<ul class=\"wp-block-list\">\n<li>par mail \u00e0 l\u2019adresse email cnas@cnas-assistance.com<\/li>\n<\/ul>\n\n\n\n<p>Toute utilisation, reproduction, diffusion, commercialisation, modification de toute ou partie du Site, sans autorisation de l\u2019\u00c9diteur est prohib\u00e9e et pourra entra\u00een\u00e9e des actions et poursuites judiciaires telles que notamment pr\u00e9vues par le Code de la propri\u00e9t\u00e9 intellectuelle et le Code civil.<\/p>\n\n\n\n<p><\/p>","protected":false},"excerpt":{"rendered":"<p>Conform\u00e9ment aux dispositions des Articles 6-III et 19 de la Loi n\u00b02004-575 du 21 juin 2004 pour la Confiance dans l\u2019\u00e9conomie num\u00e9rique, dite L.C.E.N., il est port\u00e9 \u00e0 la connaissance des utilisateurs et visiteurs, ci-apr\u00e8s l&#8217;\u00ab Utilisateur\u00a0\u00bb, du site http:\/\/www.cnas-assistance.com\/ , ci-apr\u00e8s le \u00ab\u00a0Site\u00a0\u00bb, les pr\u00e9sentes mentions l\u00e9gales. La connexion et la navigation sur le [&hellip;]<\/p>\n","protected":false},"author":1,"featured_media":0,"parent":0,"menu_order":0,"comment_status":"closed","ping_status":"closed","template":"","meta":{"footnotes":""},"class_list":["post-2280","page","type-page","status-publish","hentry"],"yoast_head":"<!-- This site is optimized with the Yoast SEO plugin v27.3 - https:\/\/yoast.com\/product\/yoast-seo-wordpress\/ -->\n<title>Mentions l\u00e9gales - CNAS Assistance<\/title>\n<meta name=\"robots\" content=\"index, follow, max-snippet:-1, max-image-preview:large, max-video-preview:-1\" \/>\n<link rel=\"canonical\" href=\"https:\/\/cnas-assistance.com\/fr\/mentions-legales\/\" \/>\n<meta property=\"og:locale\" content=\"fr_FR\" \/>\n<meta property=\"og:type\" content=\"article\" \/>\n<meta property=\"og:title\" content=\"Mentions l\u00e9gales - CNAS Assistance\" \/>\n<meta property=\"og:description\" content=\"Conform\u00e9ment aux dispositions des Articles 6-III et 19 de la Loi n\u00b02004-575 du 21 juin 2004 pour la Confiance dans l\u2019\u00e9conomie num\u00e9rique, dite L.C.E.N., il est port\u00e9 \u00e0 la connaissance des utilisateurs et visiteurs, ci-apr\u00e8s l&#8217;\u00ab Utilisateur\u00a0\u00bb, du site http:\/\/www.cnas-assistance.com\/ , ci-apr\u00e8s le \u00ab\u00a0Site\u00a0\u00bb, les pr\u00e9sentes mentions l\u00e9gales. La connexion et la navigation sur le [&hellip;]\" \/>\n<meta property=\"og:url\" content=\"https:\/\/cnas-assistance.com\/fr\/mentions-legales\/\" \/>\n<meta property=\"og:site_name\" content=\"CNAS Assistance\" \/>\n<meta property=\"article:modified_time\" content=\"2024-08-29T13:05:22+00:00\" \/>\n<meta name=\"twitter:card\" content=\"summary_large_image\" \/>\n<meta name=\"twitter:label1\" content=\"Dur\u00e9e de lecture estim\u00e9e\" \/>\n\t<meta name=\"twitter:data1\" content=\"2 minutes\" \/>\n<script type=\"application\/ld+json\" class=\"yoast-schema-graph\">{\"@context\":\"https:\\\/\\\/schema.org\",\"@graph\":[{\"@type\":\"WebPage\",\"@id\":\"https:\\\/\\\/cnas-assistance.com\\\/mentions-legales\\\/\",\"url\":\"https:\\\/\\\/cnas-assistance.com\\\/mentions-legales\\\/\",\"name\":\"Mentions l\u00e9gales - CNAS Assistance\",\"isPartOf\":{\"@id\":\"https:\\\/\\\/cnas-assistance.com\\\/#website\"},\"datePublished\":\"2024-08-29T12:57:48+00:00\",\"dateModified\":\"2024-08-29T13:05:22+00:00\",\"breadcrumb\":{\"@id\":\"https:\\\/\\\/cnas-assistance.com\\\/mentions-legales\\\/#breadcrumb\"},\"inLanguage\":\"fr-FR\",\"potentialAction\":[{\"@type\":\"ReadAction\",\"target\":[\"https:\\\/\\\/cnas-assistance.com\\\/mentions-legales\\\/\"]}]},{\"@type\":\"BreadcrumbList\",\"@id\":\"https:\\\/\\\/cnas-assistance.com\\\/mentions-legales\\\/#breadcrumb\",\"itemListElement\":[{\"@type\":\"ListItem\",\"position\":1,\"name\":\"Accueil\",\"item\":\"https:\\\/\\\/cnas-assistance.com\\\/\"},{\"@type\":\"ListItem\",\"position\":2,\"name\":\"Mentions l\u00e9gales\"}]},{\"@type\":\"WebSite\",\"@id\":\"https:\\\/\\\/cnas-assistance.com\\\/#website\",\"url\":\"https:\\\/\\\/cnas-assistance.com\\\/\",\"name\":\"cnas-assistance.com\",\"description\":\"Centralizing the needs of insurance &amp; assistance companies\",\"publisher\":{\"@id\":\"https:\\\/\\\/cnas-assistance.com\\\/#organization\"},\"potentialAction\":[{\"@type\":\"SearchAction\",\"target\":{\"@type\":\"EntryPoint\",\"urlTemplate\":\"https:\\\/\\\/cnas-assistance.com\\\/?s={search_term_string}\"},\"query-input\":{\"@type\":\"PropertyValueSpecification\",\"valueRequired\":true,\"valueName\":\"search_term_string\"}}],\"inLanguage\":\"fr-FR\"},{\"@type\":\"Organization\",\"@id\":\"https:\\\/\\\/cnas-assistance.com\\\/#organization\",\"name\":\"cnas-assistance.com\",\"url\":\"https:\\\/\\\/cnas-assistance.com\\\/\",\"logo\":{\"@type\":\"ImageObject\",\"inLanguage\":\"fr-FR\",\"@id\":\"https:\\\/\\\/cnas-assistance.com\\\/#\\\/schema\\\/logo\\\/image\\\/\",\"url\":\"https:\\\/\\\/cnas-assistance.com\\\/wp-content\\\/uploads\\\/2024\\\/06\\\/LOGO-SANS-FOND-e1717678980514.png\",\"contentUrl\":\"https:\\\/\\\/cnas-assistance.com\\\/wp-content\\\/uploads\\\/2024\\\/06\\\/LOGO-SANS-FOND-e1717678980514.png\",\"width\":1500,\"height\":1082,\"caption\":\"cnas-assistance.com\"},\"image\":{\"@id\":\"https:\\\/\\\/cnas-assistance.com\\\/#\\\/schema\\\/logo\\\/image\\\/\"},\"sameAs\":[\"https:\\\/\\\/www.linkedin.com\\\/company\\\/cnasassistance\\\/\"]}]}<\/script>\n<!-- \/ Yoast SEO plugin. -->","yoast_head_json":{"title":"Mentions l\u00e9gales - CNAS Assistance","robots":{"index":"index","follow":"follow","max-snippet":"max-snippet:-1","max-image-preview":"max-image-preview:large","max-video-preview":"max-video-preview:-1"},"canonical":"https:\/\/cnas-assistance.com\/fr\/mentions-legales\/","og_locale":"fr_FR","og_type":"article","og_title":"Mentions l\u00e9gales - CNAS Assistance","og_description":"Conform\u00e9ment aux dispositions des Articles 6-III et 19 de la Loi n\u00b02004-575 du 21 juin 2004 pour la Confiance dans l\u2019\u00e9conomie num\u00e9rique, dite L.C.E.N., il est port\u00e9 \u00e0 la connaissance des utilisateurs et visiteurs, ci-apr\u00e8s l&#8217;\u00ab Utilisateur\u00a0\u00bb, du site http:\/\/www.cnas-assistance.com\/ , ci-apr\u00e8s le \u00ab\u00a0Site\u00a0\u00bb, les pr\u00e9sentes mentions l\u00e9gales. La connexion et la navigation sur le [&hellip;]","og_url":"https:\/\/cnas-assistance.com\/fr\/mentions-legales\/","og_site_name":"CNAS Assistance","article_modified_time":"2024-08-29T13:05:22+00:00","twitter_card":"summary_large_image","twitter_misc":{"Dur\u00e9e de lecture estim\u00e9e":"2 minutes"},"schema":{"@context":"https:\/\/schema.org","@graph":[{"@type":"WebPage","@id":"https:\/\/cnas-assistance.com\/mentions-legales\/","url":"https:\/\/cnas-assistance.com\/mentions-legales\/","name":"Mentions l\u00e9gales - CNAS Assistance","isPartOf":{"@id":"https:\/\/cnas-assistance.com\/#website"},"datePublished":"2024-08-29T12:57:48+00:00","dateModified":"2024-08-29T13:05:22+00:00","breadcrumb":{"@id":"https:\/\/cnas-assistance.com\/mentions-legales\/#breadcrumb"},"inLanguage":"fr-FR","potentialAction":[{"@type":"ReadAction","target":["https:\/\/cnas-assistance.com\/mentions-legales\/"]}]},{"@type":"BreadcrumbList","@id":"https:\/\/cnas-assistance.com\/mentions-legales\/#breadcrumb","itemListElement":[{"@type":"ListItem","position":1,"name":"Accueil","item":"https:\/\/cnas-assistance.com\/"},{"@type":"ListItem","position":2,"name":"Mentions l\u00e9gales"}]},{"@type":"WebSite","@id":"https:\/\/cnas-assistance.com\/#website","url":"https:\/\/cnas-assistance.com\/","name":"cnas-assistance.com","description":"Centralizing the needs of insurance &amp; assistance companies","publisher":{"@id":"https:\/\/cnas-assistance.com\/#organization"},"potentialAction":[{"@type":"SearchAction","target":{"@type":"EntryPoint","urlTemplate":"https:\/\/cnas-assistance.com\/?s={search_term_string}"},"query-input":{"@type":"PropertyValueSpecification","valueRequired":true,"valueName":"search_term_string"}}],"inLanguage":"fr-FR"},{"@type":"Organization","@id":"https:\/\/cnas-assistance.com\/#organization","name":"cnas-assistance.com","url":"https:\/\/cnas-assistance.com\/","logo":{"@type":"ImageObject","inLanguage":"fr-FR","@id":"https:\/\/cnas-assistance.com\/#\/schema\/logo\/image\/","url":"https:\/\/cnas-assistance.com\/wp-content\/uploads\/2024\/06\/LOGO-SANS-FOND-e1717678980514.png","contentUrl":"https:\/\/cnas-assistance.com\/wp-content\/uploads\/2024\/06\/LOGO-SANS-FOND-e1717678980514.png","width":1500,"height":1082,"caption":"cnas-assistance.com"},"image":{"@id":"https:\/\/cnas-assistance.com\/#\/schema\/logo\/image\/"},"sameAs":["https:\/\/www.linkedin.com\/company\/cnasassistance\/"]}]}},"_links":{"self":[{"href":"https:\/\/cnas-assistance.com\/fr\/wp-json\/wp\/v2\/pages\/2280","targetHints":{"allow":["GET"]}}],"collection":[{"href":"https:\/\/cnas-assistance.com\/fr\/wp-json\/wp\/v2\/pages"}],"about":[{"href":"https:\/\/cnas-assistance.com\/fr\/wp-json\/wp\/v2\/types\/page"}],"author":[{"embeddable":true,"href":"https:\/\/cnas-assistance.com\/fr\/wp-json\/wp\/v2\/users\/1"}],"replies":[{"embeddable":true,"href":"https:\/\/cnas-assistance.com\/fr\/wp-json\/wp\/v2\/comments?post=2280"}],"version-history":[{"count":3,"href":"https:\/\/cnas-assistance.com\/fr\/wp-json\/wp\/v2\/pages\/2280\/revisions"}],"predecessor-version":[{"id":2290,"href":"https:\/\/cnas-assistance.com\/fr\/wp-json\/wp\/v2\/pages\/2280\/revisions\/2290"}],"wp:attachment":[{"href":"https:\/\/cnas-assistance.com\/fr\/wp-json\/wp\/v2\/media?parent=2280"}],"curies":[{"name":"wp","href":"https:\/\/api.w.org\/{rel}","templated":true}]}}